{"id":380364,"date":"1970-01-01T00:00:00","date_gmt":"1970-01-01T00:00:00","guid":{"rendered":"https:\/\/roksa-sx.com\/escort\/gipsylady\/"},"modified":"2024-09-06T11:16:42","modified_gmt":"2024-09-06T11:16:42","slug":"cyganka","status":"publish","type":"product","link":"https:\/\/roksa-sx.com\/pl\/escort\/gipsylady\/","title":{"rendered":"Cyganka"},"content":{"rendered":"<p>Jestem siln\u0105 tancerk\u0105. Lubie ko\u0144cowe stroje, seksown\u0105 bielizn\u0119, g\u0142\u00f3wny makija\u017c i taniec erotyczny, kt\u00f3ry jest moj\u0105 dusz\u0105. Czy chcia\u0142by\u015b ta\u0144czy\u0107 prywatnie, specjalnie dla ciebie?<\/p>","protected":false},"excerpt":{"rendered":"<p>Jestem siln\u0105 tancerk\u0105. Lubie ko\u0144cowe stroje, seksown\u0105 bielizn\u0119, g\u0142\u00f3wny makija\u017c i taniec erotyczny, kt\u00f3ry jest moj\u0105 dusz\u0105. Czy chcia\u0142by\u015b ta\u0144czy\u0107 prywatnie, specjalnie dla ciebie?<\/p>","protected":false},"featured_media":12373374,"template":"","meta":[],"product_brand":[],"product_cat":[2586],"product_tag":[],"class_list":{"0":"post-380364","1":"product","2":"type-product","3":"status-publish","4":"has-post-thumbnail","6":"product_cat-poznan-escorts","7":"pa_enjoys-escorts-who-like-or-enjoy-69","8":"pa_enjoys-escorts-who-like-or-enjoy-blowjob","9":"pa_enjoys-escorts-who-like-or-enjoy-doggy-style","10":"pa_enjoys-escorts-who-like-or-enjoy-lingerie","11":"pa_enjoys-escorts-who-like-or-enjoy-long-foreplay","12":"pa_enjoys-escorts-who-like-or-enjoy-nylon","14":"first","15":"instock","16":"shipping-taxable","17":"product-type-external"},"yoast_head":"<!-- This site is optimized with the Yoast SEO Premium plugin v22.3 (Yoast SEO v27.3) - https:\/\/yoast.com\/product\/yoast-seo-premium-wordpress\/ -->\n<title>GipsyLady - Roksa<\/title>\n<meta name=\"description\" content=\"GipsyLady is a escort girl that is available in Poland for you to contact. Contact GipsyLady today. Roksa\" \/>\n<meta name=\"robots\" content=\"index, follow, max-snippet:-1, max-image-preview:large, max-video-preview:-1\" \/>\n<link rel=\"canonical\" href=\"https:\/\/roksa-sx.com\/pl\/eskorta\/cyganka\/\" \/>\n<meta property=\"og:locale\" content=\"pl_PL\" \/>\n<meta property=\"og:type\" content=\"article\" \/>\n<meta property=\"og:title\" content=\"GipsyLady\" \/>\n<meta property=\"og:description\" content=\"GipsyLady is a escort girl that is available in Poland for you to contact. Contact GipsyLady today. Roksa\" \/>\n<meta property=\"og:url\" content=\"https:\/\/roksa-sx.com\/pl\/eskorta\/cyganka\/\" \/>\n<meta property=\"og:site_name\" content=\"Roksa\" \/>\n<meta property=\"article:modified_time\" content=\"2024-09-06T11:16:42+00:00\" \/>\n<meta property=\"og:image\" content=\"https:\/\/roksa-sx.com\/wp-content\/uploads\/2024\/04\/380364_50.jpg\" \/>\n\t<meta property=\"og:image:width\" content=\"1\" \/>\n\t<meta property=\"og:image:height\" content=\"1\" \/>\n\t<meta property=\"og:image:type\" content=\"image\/jpeg\" \/>\n<meta name=\"twitter:card\" content=\"summary_large_image\" \/>\n<script type=\"application\/ld+json\" class=\"yoast-schema-graph\">{\"@context\":\"https:\\\/\\\/schema.org\",\"@graph\":[{\"@type\":\"WebPage\",\"@id\":\"https:\\\/\\\/roksa-sx.com\\\/escort\\\/gipsylady\\\/\",\"url\":\"https:\\\/\\\/roksa-sx.com\\\/escort\\\/gipsylady\\\/\",\"name\":\"GipsyLady - Roksa\",\"isPartOf\":{\"@id\":\"https:\\\/\\\/roksa-sx.com\\\/#website\"},\"primaryImageOfPage\":{\"@id\":\"https:\\\/\\\/roksa-sx.com\\\/escort\\\/gipsylady\\\/#primaryimage\"},\"image\":{\"@id\":\"https:\\\/\\\/roksa-sx.com\\\/escort\\\/gipsylady\\\/#primaryimage\"},\"thumbnailUrl\":\"https:\\\/\\\/roksa-sx.com\\\/wp-content\\\/uploads\\\/2024\\\/04\\\/380364_50.jpg\",\"datePublished\":\"1970-01-01T00:00:00+00:00\",\"dateModified\":\"2024-09-06T11:16:42+00:00\",\"description\":\"GipsyLady is a escort girl that is available in Poland for you to contact. Contact GipsyLady today. Roksa\",\"breadcrumb\":{\"@id\":\"https:\\\/\\\/roksa-sx.com\\\/escort\\\/gipsylady\\\/#breadcrumb\"},\"inLanguage\":\"pl-PL\",\"potentialAction\":[{\"@type\":\"ReadAction\",\"target\":[\"https:\\\/\\\/roksa-sx.com\\\/escort\\\/gipsylady\\\/\"]}]},{\"@type\":\"ImageObject\",\"inLanguage\":\"pl-PL\",\"@id\":\"https:\\\/\\\/roksa-sx.com\\\/escort\\\/gipsylady\\\/#primaryimage\",\"url\":\"https:\\\/\\\/roksa-sx.com\\\/wp-content\\\/uploads\\\/2024\\\/04\\\/380364_50.jpg\",\"contentUrl\":\"https:\\\/\\\/roksa-sx.com\\\/wp-content\\\/uploads\\\/2024\\\/04\\\/380364_50.jpg\",\"caption\":\"GipsyLady\"},{\"@type\":\"BreadcrumbList\",\"@id\":\"https:\\\/\\\/roksa-sx.com\\\/escort\\\/gipsylady\\\/#breadcrumb\",\"itemListElement\":[{\"@type\":\"ListItem\",\"position\":1,\"name\":\"Home\",\"item\":\"https:\\\/\\\/roksa-sx.com\\\/\"},{\"@type\":\"ListItem\",\"position\":2,\"name\":\"Rokas SX Escorts\",\"item\":\"https:\\\/\\\/roksa-sx.com\\\/\"},{\"@type\":\"ListItem\",\"position\":3,\"name\":\"GipsyLady\"}]},{\"@type\":\"WebSite\",\"@id\":\"https:\\\/\\\/roksa-sx.com\\\/#website\",\"url\":\"https:\\\/\\\/roksa-sx.com\\\/\",\"name\":\"Escort WP\",\"description\":\"\",\"publisher\":{\"@id\":\"https:\\\/\\\/roksa-sx.com\\\/#organization\"},\"alternateName\":\"Escorts\",\"potentialAction\":[{\"@type\":\"SearchAction\",\"target\":{\"@type\":\"EntryPoint\",\"urlTemplate\":\"https:\\\/\\\/roksa-sx.com\\\/?s={search_term_string}\"},\"query-input\":{\"@type\":\"PropertyValueSpecification\",\"valueRequired\":true,\"valueName\":\"search_term_string\"}}],\"inLanguage\":\"pl-PL\"},{\"@type\":\"Organization\",\"@id\":\"https:\\\/\\\/roksa-sx.com\\\/#organization\",\"name\":\"Escort WP\",\"url\":\"https:\\\/\\\/roksa-sx.com\\\/\",\"logo\":{\"@type\":\"ImageObject\",\"inLanguage\":\"pl-PL\",\"@id\":\"https:\\\/\\\/roksa-sx.com\\\/#\\\/schema\\\/logo\\\/image\\\/\",\"url\":\"https:\\\/\\\/roksa-sx.com\\\/wp-content\\\/uploads\\\/2024\\\/04\\\/Roksa-sx.com_.png\",\"contentUrl\":\"https:\\\/\\\/roksa-sx.com\\\/wp-content\\\/uploads\\\/2024\\\/04\\\/Roksa-sx.com_.png\",\"width\":240,\"height\":62,\"caption\":\"Escort WP\"},\"image\":{\"@id\":\"https:\\\/\\\/roksa-sx.com\\\/#\\\/schema\\\/logo\\\/image\\\/\"}}]}<\/script>\n<!-- \/ Yoast SEO Premium plugin. -->","yoast_head_json":{"title":"Cyganka - Roksa","description":"GipsyLady to dziewczyna do towarzystwa, z kt\u00f3r\u0105 mo\u017cesz si\u0119 skontaktowa\u0107 w Polsce. Skontaktuj si\u0119 z GipsyLady ju\u017c dzi\u015b. Roksa","robots":{"index":"index","follow":"follow","max-snippet":"max-snippet:-1","max-image-preview":"max-image-preview:large","max-video-preview":"max-video-preview:-1"},"canonical":"https:\/\/roksa-sx.com\/pl\/eskorta\/cyganka\/","og_locale":"pl_PL","og_type":"article","og_title":"GipsyLady","og_description":"GipsyLady is a escort girl that is available in Poland for you to contact. Contact GipsyLady today. Roksa","og_url":"https:\/\/roksa-sx.com\/pl\/eskorta\/cyganka\/","og_site_name":"Roksa","article_modified_time":"2024-09-06T11:16:42+00:00","og_image":[{"url":"https:\/\/roksa-sx.com\/wp-content\/uploads\/2024\/04\/380364_50.jpg","width":1,"height":1,"type":"image\/jpeg"}],"twitter_card":"summary_large_image","schema":{"@context":"https:\/\/schema.org","@graph":[{"@type":"WebPage","@id":"https:\/\/roksa-sx.com\/escort\/gipsylady\/","url":"https:\/\/roksa-sx.com\/escort\/gipsylady\/","name":"Cyganka - Roksa","isPartOf":{"@id":"https:\/\/roksa-sx.com\/#website"},"primaryImageOfPage":{"@id":"https:\/\/roksa-sx.com\/escort\/gipsylady\/#primaryimage"},"image":{"@id":"https:\/\/roksa-sx.com\/escort\/gipsylady\/#primaryimage"},"thumbnailUrl":"https:\/\/roksa-sx.com\/wp-content\/uploads\/2024\/04\/380364_50.jpg","datePublished":"1970-01-01T00:00:00+00:00","dateModified":"2024-09-06T11:16:42+00:00","description":"GipsyLady to dziewczyna do towarzystwa, z kt\u00f3r\u0105 mo\u017cesz si\u0119 skontaktowa\u0107 w Polsce. Skontaktuj si\u0119 z GipsyLady ju\u017c dzi\u015b. Roksa","breadcrumb":{"@id":"https:\/\/roksa-sx.com\/escort\/gipsylady\/#breadcrumb"},"inLanguage":"pl-PL","potentialAction":[{"@type":"ReadAction","target":["https:\/\/roksa-sx.com\/escort\/gipsylady\/"]}]},{"@type":"ImageObject","inLanguage":"pl-PL","@id":"https:\/\/roksa-sx.com\/escort\/gipsylady\/#primaryimage","url":"https:\/\/roksa-sx.com\/wp-content\/uploads\/2024\/04\/380364_50.jpg","contentUrl":"https:\/\/roksa-sx.com\/wp-content\/uploads\/2024\/04\/380364_50.jpg","caption":"GipsyLady"},{"@type":"BreadcrumbList","@id":"https:\/\/roksa-sx.com\/escort\/gipsylady\/#breadcrumb","itemListElement":[{"@type":"ListItem","position":1,"name":"Home","item":"https:\/\/roksa-sx.com\/"},{"@type":"ListItem","position":2,"name":"Rokas SX Escorts","item":"https:\/\/roksa-sx.com\/"},{"@type":"ListItem","position":3,"name":"GipsyLady"}]},{"@type":"WebSite","@id":"https:\/\/roksa-sx.com\/#website","url":"https:\/\/roksa-sx.com\/","name":"Eskortuj WP","description":"","publisher":{"@id":"https:\/\/roksa-sx.com\/#organization"},"alternateName":"Escorts","potentialAction":[{"@type":"SearchAction","target":{"@type":"EntryPoint","urlTemplate":"https:\/\/roksa-sx.com\/?s={search_term_string}"},"query-input":{"@type":"PropertyValueSpecification","valueRequired":true,"valueName":"search_term_string"}}],"inLanguage":"pl-PL"},{"@type":"Organization","@id":"https:\/\/roksa-sx.com\/#organization","name":"Eskortuj WP","url":"https:\/\/roksa-sx.com\/","logo":{"@type":"ImageObject","inLanguage":"pl-PL","@id":"https:\/\/roksa-sx.com\/#\/schema\/logo\/image\/","url":"https:\/\/roksa-sx.com\/wp-content\/uploads\/2024\/04\/Roksa-sx.com_.png","contentUrl":"https:\/\/roksa-sx.com\/wp-content\/uploads\/2024\/04\/Roksa-sx.com_.png","width":240,"height":62,"caption":"Escort WP"},"image":{"@id":"https:\/\/roksa-sx.com\/#\/schema\/logo\/image\/"}}]}},"_links":{"self":[{"href":"https:\/\/roksa-sx.com\/pl\/wp-json\/wp\/v2\/product\/380364","targetHints":{"allow":["GET"]}}],"collection":[{"href":"https:\/\/roksa-sx.com\/pl\/wp-json\/wp\/v2\/product"}],"about":[{"href":"https:\/\/roksa-sx.com\/pl\/wp-json\/wp\/v2\/types\/product"}],"wp:featuredmedia":[{"embeddable":true,"href":"https:\/\/roksa-sx.com\/pl\/wp-json\/wp\/v2\/media\/12373374"}],"wp:attachment":[{"href":"https:\/\/roksa-sx.com\/pl\/wp-json\/wp\/v2\/media?parent=380364"}],"wp:term":[{"taxonomy":"product_brand","embeddable":true,"href":"https:\/\/roksa-sx.com\/pl\/wp-json\/wp\/v2\/product_brand?post=380364"},{"taxonomy":"product_cat","embeddable":true,"href":"https:\/\/roksa-sx.com\/pl\/wp-json\/wp\/v2\/product_cat?post=380364"},{"taxonomy":"product_tag","embeddable":true,"href":"https:\/\/roksa-sx.com\/pl\/wp-json\/wp\/v2\/product_tag?post=380364"}],"curies":[{"name":"wp","href":"https:\/\/api.w.org\/{rel}","templated":true}]}}