{"id":380379,"date":"1970-01-01T00:00:00","date_gmt":"1970-01-01T00:00:00","guid":{"rendered":"https:\/\/roksa-sx.com\/escort\/ognistaelena\/"},"modified":"2024-09-06T11:16:34","modified_gmt":"2024-09-06T11:16:34","slug":"ognistaelena","status":"publish","type":"product","link":"https:\/\/roksa-sx.com\/pl\/escort\/ognistaelena\/","title":{"rendered":"OgnistaElena"},"content":{"rendered":"<p>Chc\u0119 podej\u015b\u0107 do nowych rzeczy i przenie\u015b\u0107 troch\u0119 zabaw do mojego \u017cycia\u2026Jestem po 30 i nie, nie jestem singielk\u0105- od 3 lat jestem w zwi\u0105zku. Niestety mi\u0142o\u015b\u0107 i seks nie zawsze id\u0105 w parze ? Nie chc\u0119 z tego problemu, jestem tylko szczera sama ze sob\u0105, z moimi potrzebami\u2026mam mo\u017cliwo\u015b\u0107, \u017ce w niczym nie wyst\u0119puje. Napisz do mnie je\u015bli chcesz si\u0119 zabawi\u0107 \ud83d\ude42<\/p>","protected":false},"excerpt":{"rendered":"<p>Chc\u0119 podej\u015b\u0107 do nowych rzeczy i przenie\u015b\u0107 troch\u0119 zabaw do mojego \u017cycia\u2026Jestem po 30 i nie jestem singielk\u0105- od 3 lat jestem w zwi\u0105zku. Niestety mi\u0142o\u015b\u0107 i seks nie zawsze id\u0105 w parze ? Nie chc\u0119 mie\u0107 tego problemu, jestem tylko szczera sama ze sob\u0105 iz moimi potrzebami\u2026mam mo\u017cliwo\u015b\u0107, \u017ce to w niczym\u2026 <a href=\"https:\/\/roksa-sx.com\/pl\/escort\/ognistaelena\/\" class=\"more-link\">Czytaj dalej <span class=\"screen-reader-text\">OgnistaElena<\/span><\/a><\/p>","protected":false},"featured_media":12373809,"template":"","meta":[],"product_brand":[],"product_cat":[2541],"product_tag":[],"class_list":{"0":"post-380379","1":"product","2":"type-product","3":"status-publish","4":"has-post-thumbnail","6":"product_cat-warszawa-escorts","7":"pa_enjoys-escorts-who-like-or-enjoy-anal","8":"pa_enjoys-escorts-who-like-or-enjoy-blowjob","9":"pa_enjoys-escorts-who-like-or-enjoy-cowgirl","10":"pa_enjoys-escorts-who-like-or-enjoy-deepthroat","11":"pa_enjoys-escorts-who-like-or-enjoy-dildo","12":"pa_enjoys-escorts-who-like-or-enjoy-doggy-style","13":"pa_enjoys-escorts-who-like-or-enjoy-sex-toys","14":"pa_enjoys-escorts-who-like-or-enjoy-uniform","16":"first","17":"instock","18":"shipping-taxable","19":"product-type-external"},"yoast_head":"<!-- This site is optimized with the Yoast SEO Premium plugin v22.3 (Yoast SEO v27.0) - https:\/\/yoast.com\/product\/yoast-seo-premium-wordpress\/ -->\n<title>OgnistaElena - Roksa<\/title>\n<meta name=\"description\" content=\"OgnistaElena is a escort girl that is available in Poland for you to contact. Contact OgnistaElena today. Roksa\" \/>\n<meta name=\"robots\" content=\"index, follow, max-snippet:-1, max-image-preview:large, max-video-preview:-1\" \/>\n<link rel=\"canonical\" href=\"https:\/\/roksa-sx.com\/pl\/eskorta\/ognistaelena\/\" \/>\n<meta property=\"og:locale\" content=\"pl_PL\" \/>\n<meta property=\"og:type\" content=\"article\" \/>\n<meta property=\"og:title\" content=\"OgnistaElena\" \/>\n<meta property=\"og:description\" content=\"OgnistaElena is a escort girl that is available in Poland for you to contact. Contact OgnistaElena today. Roksa\" \/>\n<meta property=\"og:url\" content=\"https:\/\/roksa-sx.com\/pl\/eskorta\/ognistaelena\/\" \/>\n<meta property=\"og:site_name\" content=\"Roksa\" \/>\n<meta property=\"article:modified_time\" content=\"2024-09-06T11:16:34+00:00\" \/>\n<meta property=\"og:image\" content=\"https:\/\/roksa-sx.com\/wp-content\/uploads\/2024\/04\/380379_50.jpg\" \/>\n\t<meta property=\"og:image:width\" content=\"1\" \/>\n\t<meta property=\"og:image:height\" content=\"1\" \/>\n\t<meta property=\"og:image:type\" content=\"image\/jpeg\" \/>\n<meta name=\"twitter:card\" content=\"summary_large_image\" \/>\n<script type=\"application\/ld+json\" class=\"yoast-schema-graph\">{\"@context\":\"https:\/\/schema.org\",\"@graph\":[{\"@type\":\"WebPage\",\"@id\":\"https:\/\/roksa-sx.com\/escort\/ognistaelena\/\",\"url\":\"https:\/\/roksa-sx.com\/escort\/ognistaelena\/\",\"name\":\"OgnistaElena - Roksa\",\"isPartOf\":{\"@id\":\"https:\/\/roksa-sx.com\/#website\"},\"primaryImageOfPage\":{\"@id\":\"https:\/\/roksa-sx.com\/escort\/ognistaelena\/#primaryimage\"},\"image\":{\"@id\":\"https:\/\/roksa-sx.com\/escort\/ognistaelena\/#primaryimage\"},\"thumbnailUrl\":\"https:\/\/roksa-sx.com\/wp-content\/uploads\/2024\/04\/380379_50.jpg\",\"datePublished\":\"1970-01-01T00:00:00+00:00\",\"dateModified\":\"2024-09-06T11:16:34+00:00\",\"description\":\"OgnistaElena is a escort girl that is available in Poland for you to contact. Contact OgnistaElena today. Roksa\",\"breadcrumb\":{\"@id\":\"https:\/\/roksa-sx.com\/escort\/ognistaelena\/#breadcrumb\"},\"inLanguage\":\"pl-PL\",\"potentialAction\":[{\"@type\":\"ReadAction\",\"target\":[\"https:\/\/roksa-sx.com\/escort\/ognistaelena\/\"]}]},{\"@type\":\"ImageObject\",\"inLanguage\":\"pl-PL\",\"@id\":\"https:\/\/roksa-sx.com\/escort\/ognistaelena\/#primaryimage\",\"url\":\"https:\/\/roksa-sx.com\/wp-content\/uploads\/2024\/04\/380379_50.jpg\",\"contentUrl\":\"https:\/\/roksa-sx.com\/wp-content\/uploads\/2024\/04\/380379_50.jpg\",\"caption\":\"OgnistaElena\"},{\"@type\":\"BreadcrumbList\",\"@id\":\"https:\/\/roksa-sx.com\/escort\/ognistaelena\/#breadcrumb\",\"itemListElement\":[{\"@type\":\"ListItem\",\"position\":1,\"name\":\"Home\",\"item\":\"https:\/\/roksa-sx.com\/\"},{\"@type\":\"ListItem\",\"position\":2,\"name\":\"Rokas SX Escorts\",\"item\":\"https:\/\/roksa-sx.com\/\"},{\"@type\":\"ListItem\",\"position\":3,\"name\":\"OgnistaElena\"}]},{\"@type\":\"WebSite\",\"@id\":\"https:\/\/roksa-sx.com\/#website\",\"url\":\"https:\/\/roksa-sx.com\/\",\"name\":\"Escort WP\",\"description\":\"\",\"publisher\":{\"@id\":\"https:\/\/roksa-sx.com\/#organization\"},\"alternateName\":\"Escorts\",\"potentialAction\":[{\"@type\":\"SearchAction\",\"target\":{\"@type\":\"EntryPoint\",\"urlTemplate\":\"https:\/\/roksa-sx.com\/?s={search_term_string}\"},\"query-input\":{\"@type\":\"PropertyValueSpecification\",\"valueRequired\":true,\"valueName\":\"search_term_string\"}}],\"inLanguage\":\"pl-PL\"},{\"@type\":\"Organization\",\"@id\":\"https:\/\/roksa-sx.com\/#organization\",\"name\":\"Escort WP\",\"url\":\"https:\/\/roksa-sx.com\/\",\"logo\":{\"@type\":\"ImageObject\",\"inLanguage\":\"pl-PL\",\"@id\":\"https:\/\/roksa-sx.com\/#\/schema\/logo\/image\/\",\"url\":\"https:\/\/roksa-sx.com\/wp-content\/uploads\/2024\/04\/Roksa-sx.com_.png\",\"contentUrl\":\"https:\/\/roksa-sx.com\/wp-content\/uploads\/2024\/04\/Roksa-sx.com_.png\",\"width\":240,\"height\":62,\"caption\":\"Escort WP\"},\"image\":{\"@id\":\"https:\/\/roksa-sx.com\/#\/schema\/logo\/image\/\"}}]}<\/script>\n<!-- \/ Yoast SEO Premium plugin. -->","yoast_head_json":{"title":"OgnistaElena \u2013 Roksa","description":"OgnistaElena to dziewczyna do towarzystwa, z kt\u00f3r\u0105 mo\u017cesz si\u0119 skontaktowa\u0107 w Polsce. Skontaktuj si\u0119 z OgnistaElen\u0105 ju\u017c dzi\u015b. Roksa","robots":{"index":"index","follow":"follow","max-snippet":"max-snippet:-1","max-image-preview":"max-image-preview:large","max-video-preview":"max-video-preview:-1"},"canonical":"https:\/\/roksa-sx.com\/pl\/eskorta\/ognistaelena\/","og_locale":"pl_PL","og_type":"article","og_title":"OgnistaElena","og_description":"OgnistaElena is a escort girl that is available in Poland for you to contact. Contact OgnistaElena today. Roksa","og_url":"https:\/\/roksa-sx.com\/pl\/eskorta\/ognistaelena\/","og_site_name":"Roksa","article_modified_time":"2024-09-06T11:16:34+00:00","og_image":[{"url":"https:\/\/roksa-sx.com\/wp-content\/uploads\/2024\/04\/380379_50.jpg","width":1,"height":1,"type":"image\/jpeg"}],"twitter_card":"summary_large_image","schema":{"@context":"https:\/\/schema.org","@graph":[{"@type":"WebPage","@id":"https:\/\/roksa-sx.com\/escort\/ognistaelena\/","url":"https:\/\/roksa-sx.com\/escort\/ognistaelena\/","name":"OgnistaElena \u2013 Roksa","isPartOf":{"@id":"https:\/\/roksa-sx.com\/#website"},"primaryImageOfPage":{"@id":"https:\/\/roksa-sx.com\/escort\/ognistaelena\/#primaryimage"},"image":{"@id":"https:\/\/roksa-sx.com\/escort\/ognistaelena\/#primaryimage"},"thumbnailUrl":"https:\/\/roksa-sx.com\/wp-content\/uploads\/2024\/04\/380379_50.jpg","datePublished":"1970-01-01T00:00:00+00:00","dateModified":"2024-09-06T11:16:34+00:00","description":"OgnistaElena to dziewczyna do towarzystwa, z kt\u00f3r\u0105 mo\u017cesz si\u0119 skontaktowa\u0107 w Polsce. Skontaktuj si\u0119 z OgnistaElen\u0105 ju\u017c dzi\u015b. Roksa","breadcrumb":{"@id":"https:\/\/roksa-sx.com\/escort\/ognistaelena\/#breadcrumb"},"inLanguage":"pl-PL","potentialAction":[{"@type":"ReadAction","target":["https:\/\/roksa-sx.com\/escort\/ognistaelena\/"]}]},{"@type":"ImageObject","inLanguage":"pl-PL","@id":"https:\/\/roksa-sx.com\/escort\/ognistaelena\/#primaryimage","url":"https:\/\/roksa-sx.com\/wp-content\/uploads\/2024\/04\/380379_50.jpg","contentUrl":"https:\/\/roksa-sx.com\/wp-content\/uploads\/2024\/04\/380379_50.jpg","caption":"OgnistaElena"},{"@type":"BreadcrumbList","@id":"https:\/\/roksa-sx.com\/escort\/ognistaelena\/#breadcrumb","itemListElement":[{"@type":"ListItem","position":1,"name":"Home","item":"https:\/\/roksa-sx.com\/"},{"@type":"ListItem","position":2,"name":"Rokas SX Escorts","item":"https:\/\/roksa-sx.com\/"},{"@type":"ListItem","position":3,"name":"OgnistaElena"}]},{"@type":"WebSite","@id":"https:\/\/roksa-sx.com\/#website","url":"https:\/\/roksa-sx.com\/","name":"Eskortuj WP","description":"","publisher":{"@id":"https:\/\/roksa-sx.com\/#organization"},"alternateName":"Escorts","potentialAction":[{"@type":"SearchAction","target":{"@type":"EntryPoint","urlTemplate":"https:\/\/roksa-sx.com\/?s={search_term_string}"},"query-input":{"@type":"PropertyValueSpecification","valueRequired":true,"valueName":"search_term_string"}}],"inLanguage":"pl-PL"},{"@type":"Organization","@id":"https:\/\/roksa-sx.com\/#organization","name":"Eskortuj WP","url":"https:\/\/roksa-sx.com\/","logo":{"@type":"ImageObject","inLanguage":"pl-PL","@id":"https:\/\/roksa-sx.com\/#\/schema\/logo\/image\/","url":"https:\/\/roksa-sx.com\/wp-content\/uploads\/2024\/04\/Roksa-sx.com_.png","contentUrl":"https:\/\/roksa-sx.com\/wp-content\/uploads\/2024\/04\/Roksa-sx.com_.png","width":240,"height":62,"caption":"Escort WP"},"image":{"@id":"https:\/\/roksa-sx.com\/#\/schema\/logo\/image\/"}}]}},"_links":{"self":[{"href":"https:\/\/roksa-sx.com\/pl\/wp-json\/wp\/v2\/product\/380379","targetHints":{"allow":["GET"]}}],"collection":[{"href":"https:\/\/roksa-sx.com\/pl\/wp-json\/wp\/v2\/product"}],"about":[{"href":"https:\/\/roksa-sx.com\/pl\/wp-json\/wp\/v2\/types\/product"}],"wp:featuredmedia":[{"embeddable":true,"href":"https:\/\/roksa-sx.com\/pl\/wp-json\/wp\/v2\/media\/12373809"}],"wp:attachment":[{"href":"https:\/\/roksa-sx.com\/pl\/wp-json\/wp\/v2\/media?parent=380379"}],"wp:term":[{"taxonomy":"product_brand","embeddable":true,"href":"https:\/\/roksa-sx.com\/pl\/wp-json\/wp\/v2\/product_brand?post=380379"},{"taxonomy":"product_cat","embeddable":true,"href":"https:\/\/roksa-sx.com\/pl\/wp-json\/wp\/v2\/product_cat?post=380379"},{"taxonomy":"product_tag","embeddable":true,"href":"https:\/\/roksa-sx.com\/pl\/wp-json\/wp\/v2\/product_tag?post=380379"}],"curies":[{"name":"wp","href":"https:\/\/api.w.org\/{rel}","templated":true}]}}