{"id":380468,"date":"2024-05-12T07:06:54","date_gmt":"2024-05-12T07:06:54","guid":{"rendered":"https:\/\/roksa-sx.com\/?post_type=product&#038;p=380468"},"modified":"2024-09-06T11:16:06","modified_gmt":"2024-09-06T11:16:06","slug":"jolajolanta","status":"publish","type":"product","link":"https:\/\/roksa-sx.com\/pl\/escort\/jolajolanta\/","title":{"rendered":"JolaJolanta"},"content":{"rendered":"<p>jak zwykle cz\u0119sto, poznaj\u0119, \u017ce jestem tu nowy. kto\u015b si\u0119 pojawi\u0142 na ochotnika?<\/p>","protected":false},"excerpt":{"rendered":"<p>jak zwykle cz\u0119sto, poznaj\u0119, \u017ce jestem tu nowy. kto\u015b si\u0119 pojawi\u0142 na ochotnika?<\/p>","protected":false},"featured_media":12376301,"template":"","meta":[],"product_brand":[],"product_cat":[2603],"product_tag":[],"class_list":{"0":"post-380468","1":"product","2":"type-product","3":"status-publish","4":"has-post-thumbnail","6":"product_cat-krakow-escorts","7":"pa_enjoys-escorts-who-like-or-enjoy-69","8":"pa_enjoys-escorts-who-like-or-enjoy-anal","9":"pa_enjoys-escorts-who-like-or-enjoy-blowjob","10":"pa_enjoys-escorts-who-like-or-enjoy-cowgirl","11":"pa_enjoys-escorts-who-like-or-enjoy-cybersex","12":"pa_enjoys-escorts-who-like-or-enjoy-doggy-style","13":"pa_enjoys-escorts-who-like-or-enjoy-oral-sex","14":"pa_enjoys-escorts-who-like-or-enjoy-sex-toys","15":"pa_enjoys-escorts-with-big-tits","17":"first","18":"instock","19":"shipping-taxable","20":"product-type-external"},"yoast_head":"<!-- This site is optimized with the Yoast SEO Premium plugin v22.3 (Yoast SEO v27.0) - https:\/\/yoast.com\/product\/yoast-seo-premium-wordpress\/ -->\n<title>JolaJolanta - Roksa<\/title>\n<meta name=\"description\" content=\"JolaJolanta is a escort girl that is available in Poland for you to contact. Contact JolaJolanta today. Roksa\" \/>\n<meta name=\"robots\" content=\"index, follow, max-snippet:-1, max-image-preview:large, max-video-preview:-1\" \/>\n<link rel=\"canonical\" href=\"https:\/\/roksa-sx.com\/pl\/eskorta\/jolajolanta\/\" \/>\n<meta property=\"og:locale\" content=\"pl_PL\" \/>\n<meta property=\"og:type\" content=\"article\" \/>\n<meta property=\"og:title\" content=\"JolaJolanta\" \/>\n<meta property=\"og:description\" content=\"JolaJolanta is a escort girl that is available in Poland for you to contact. Contact JolaJolanta today. Roksa\" \/>\n<meta property=\"og:url\" content=\"https:\/\/roksa-sx.com\/pl\/eskorta\/jolajolanta\/\" \/>\n<meta property=\"og:site_name\" content=\"Roksa\" \/>\n<meta property=\"article:modified_time\" content=\"2024-09-06T11:16:06+00:00\" \/>\n<meta property=\"og:image\" content=\"https:\/\/roksa-sx.com\/wp-content\/uploads\/2024\/04\/380468_50.jpg\" \/>\n\t<meta property=\"og:image:width\" content=\"1\" \/>\n\t<meta property=\"og:image:height\" content=\"1\" \/>\n\t<meta property=\"og:image:type\" content=\"image\/jpeg\" \/>\n<meta name=\"twitter:card\" content=\"summary_large_image\" \/>\n<script type=\"application\/ld+json\" class=\"yoast-schema-graph\">{\"@context\":\"https:\/\/schema.org\",\"@graph\":[{\"@type\":\"WebPage\",\"@id\":\"https:\/\/roksa-sx.com\/escort\/jolajolanta\/\",\"url\":\"https:\/\/roksa-sx.com\/escort\/jolajolanta\/\",\"name\":\"JolaJolanta - Roksa\",\"isPartOf\":{\"@id\":\"https:\/\/roksa-sx.com\/#website\"},\"primaryImageOfPage\":{\"@id\":\"https:\/\/roksa-sx.com\/escort\/jolajolanta\/#primaryimage\"},\"image\":{\"@id\":\"https:\/\/roksa-sx.com\/escort\/jolajolanta\/#primaryimage\"},\"thumbnailUrl\":\"https:\/\/roksa-sx.com\/wp-content\/uploads\/2024\/04\/380468_50.jpg\",\"datePublished\":\"2024-05-12T07:06:54+00:00\",\"dateModified\":\"2024-09-06T11:16:06+00:00\",\"description\":\"JolaJolanta is a escort girl that is available in Poland for you to contact. Contact JolaJolanta today. Roksa\",\"breadcrumb\":{\"@id\":\"https:\/\/roksa-sx.com\/escort\/jolajolanta\/#breadcrumb\"},\"inLanguage\":\"pl-PL\",\"potentialAction\":[{\"@type\":\"ReadAction\",\"target\":[\"https:\/\/roksa-sx.com\/escort\/jolajolanta\/\"]}]},{\"@type\":\"ImageObject\",\"inLanguage\":\"pl-PL\",\"@id\":\"https:\/\/roksa-sx.com\/escort\/jolajolanta\/#primaryimage\",\"url\":\"https:\/\/roksa-sx.com\/wp-content\/uploads\/2024\/04\/380468_50.jpg\",\"contentUrl\":\"https:\/\/roksa-sx.com\/wp-content\/uploads\/2024\/04\/380468_50.jpg\",\"caption\":\"JolaJolanta\"},{\"@type\":\"BreadcrumbList\",\"@id\":\"https:\/\/roksa-sx.com\/escort\/jolajolanta\/#breadcrumb\",\"itemListElement\":[{\"@type\":\"ListItem\",\"position\":1,\"name\":\"Home\",\"item\":\"https:\/\/roksa-sx.com\/\"},{\"@type\":\"ListItem\",\"position\":2,\"name\":\"Rokas SX Escorts\",\"item\":\"https:\/\/roksa-sx.com\/\"},{\"@type\":\"ListItem\",\"position\":3,\"name\":\"JolaJolanta\"}]},{\"@type\":\"WebSite\",\"@id\":\"https:\/\/roksa-sx.com\/#website\",\"url\":\"https:\/\/roksa-sx.com\/\",\"name\":\"Escort WP\",\"description\":\"\",\"publisher\":{\"@id\":\"https:\/\/roksa-sx.com\/#organization\"},\"alternateName\":\"Escorts\",\"potentialAction\":[{\"@type\":\"SearchAction\",\"target\":{\"@type\":\"EntryPoint\",\"urlTemplate\":\"https:\/\/roksa-sx.com\/?s={search_term_string}\"},\"query-input\":{\"@type\":\"PropertyValueSpecification\",\"valueRequired\":true,\"valueName\":\"search_term_string\"}}],\"inLanguage\":\"pl-PL\"},{\"@type\":\"Organization\",\"@id\":\"https:\/\/roksa-sx.com\/#organization\",\"name\":\"Escort WP\",\"url\":\"https:\/\/roksa-sx.com\/\",\"logo\":{\"@type\":\"ImageObject\",\"inLanguage\":\"pl-PL\",\"@id\":\"https:\/\/roksa-sx.com\/#\/schema\/logo\/image\/\",\"url\":\"https:\/\/roksa-sx.com\/wp-content\/uploads\/2024\/04\/Roksa-sx.com_.png\",\"contentUrl\":\"https:\/\/roksa-sx.com\/wp-content\/uploads\/2024\/04\/Roksa-sx.com_.png\",\"width\":240,\"height\":62,\"caption\":\"Escort WP\"},\"image\":{\"@id\":\"https:\/\/roksa-sx.com\/#\/schema\/logo\/image\/\"}}]}<\/script>\n<!-- \/ Yoast SEO Premium plugin. -->","yoast_head_json":{"title":"JolaJolanta - Roksa","description":"JolaJolanta to dziewczyna do towarzystwa, kt\u00f3ra jest dost\u0119pna w Polsce, aby\u015b m\u00f3g\u0142 si\u0119 z ni\u0105 skontaktowa\u0107. Skontaktuj si\u0119 z JolaJolanta ju\u017c dzi\u015b. Roksa","robots":{"index":"index","follow":"follow","max-snippet":"max-snippet:-1","max-image-preview":"max-image-preview:large","max-video-preview":"max-video-preview:-1"},"canonical":"https:\/\/roksa-sx.com\/pl\/eskorta\/jolajolanta\/","og_locale":"pl_PL","og_type":"article","og_title":"JolaJolanta","og_description":"JolaJolanta is a escort girl that is available in Poland for you to contact. Contact JolaJolanta today. Roksa","og_url":"https:\/\/roksa-sx.com\/pl\/eskorta\/jolajolanta\/","og_site_name":"Roksa","article_modified_time":"2024-09-06T11:16:06+00:00","og_image":[{"url":"https:\/\/roksa-sx.com\/wp-content\/uploads\/2024\/04\/380468_50.jpg","width":1,"height":1,"type":"image\/jpeg"}],"twitter_card":"summary_large_image","schema":{"@context":"https:\/\/schema.org","@graph":[{"@type":"WebPage","@id":"https:\/\/roksa-sx.com\/escort\/jolajolanta\/","url":"https:\/\/roksa-sx.com\/escort\/jolajolanta\/","name":"JolaJolanta - Roksa","isPartOf":{"@id":"https:\/\/roksa-sx.com\/#website"},"primaryImageOfPage":{"@id":"https:\/\/roksa-sx.com\/escort\/jolajolanta\/#primaryimage"},"image":{"@id":"https:\/\/roksa-sx.com\/escort\/jolajolanta\/#primaryimage"},"thumbnailUrl":"https:\/\/roksa-sx.com\/wp-content\/uploads\/2024\/04\/380468_50.jpg","datePublished":"2024-05-12T07:06:54+00:00","dateModified":"2024-09-06T11:16:06+00:00","description":"JolaJolanta to dziewczyna do towarzystwa, kt\u00f3ra jest dost\u0119pna w Polsce, aby\u015b m\u00f3g\u0142 si\u0119 z ni\u0105 skontaktowa\u0107. Skontaktuj si\u0119 z JolaJolanta ju\u017c dzi\u015b. Roksa","breadcrumb":{"@id":"https:\/\/roksa-sx.com\/escort\/jolajolanta\/#breadcrumb"},"inLanguage":"pl-PL","potentialAction":[{"@type":"ReadAction","target":["https:\/\/roksa-sx.com\/escort\/jolajolanta\/"]}]},{"@type":"ImageObject","inLanguage":"pl-PL","@id":"https:\/\/roksa-sx.com\/escort\/jolajolanta\/#primaryimage","url":"https:\/\/roksa-sx.com\/wp-content\/uploads\/2024\/04\/380468_50.jpg","contentUrl":"https:\/\/roksa-sx.com\/wp-content\/uploads\/2024\/04\/380468_50.jpg","caption":"JolaJolanta"},{"@type":"BreadcrumbList","@id":"https:\/\/roksa-sx.com\/escort\/jolajolanta\/#breadcrumb","itemListElement":[{"@type":"ListItem","position":1,"name":"Home","item":"https:\/\/roksa-sx.com\/"},{"@type":"ListItem","position":2,"name":"Rokas SX Escorts","item":"https:\/\/roksa-sx.com\/"},{"@type":"ListItem","position":3,"name":"JolaJolanta"}]},{"@type":"WebSite","@id":"https:\/\/roksa-sx.com\/#website","url":"https:\/\/roksa-sx.com\/","name":"Eskortuj WP","description":"","publisher":{"@id":"https:\/\/roksa-sx.com\/#organization"},"alternateName":"Escorts","potentialAction":[{"@type":"SearchAction","target":{"@type":"EntryPoint","urlTemplate":"https:\/\/roksa-sx.com\/?s={search_term_string}"},"query-input":{"@type":"PropertyValueSpecification","valueRequired":true,"valueName":"search_term_string"}}],"inLanguage":"pl-PL"},{"@type":"Organization","@id":"https:\/\/roksa-sx.com\/#organization","name":"Eskortuj WP","url":"https:\/\/roksa-sx.com\/","logo":{"@type":"ImageObject","inLanguage":"pl-PL","@id":"https:\/\/roksa-sx.com\/#\/schema\/logo\/image\/","url":"https:\/\/roksa-sx.com\/wp-content\/uploads\/2024\/04\/Roksa-sx.com_.png","contentUrl":"https:\/\/roksa-sx.com\/wp-content\/uploads\/2024\/04\/Roksa-sx.com_.png","width":240,"height":62,"caption":"Escort WP"},"image":{"@id":"https:\/\/roksa-sx.com\/#\/schema\/logo\/image\/"}}]}},"_links":{"self":[{"href":"https:\/\/roksa-sx.com\/pl\/wp-json\/wp\/v2\/product\/380468","targetHints":{"allow":["GET"]}}],"collection":[{"href":"https:\/\/roksa-sx.com\/pl\/wp-json\/wp\/v2\/product"}],"about":[{"href":"https:\/\/roksa-sx.com\/pl\/wp-json\/wp\/v2\/types\/product"}],"wp:featuredmedia":[{"embeddable":true,"href":"https:\/\/roksa-sx.com\/pl\/wp-json\/wp\/v2\/media\/12376301"}],"wp:attachment":[{"href":"https:\/\/roksa-sx.com\/pl\/wp-json\/wp\/v2\/media?parent=380468"}],"wp:term":[{"taxonomy":"product_brand","embeddable":true,"href":"https:\/\/roksa-sx.com\/pl\/wp-json\/wp\/v2\/product_brand?post=380468"},{"taxonomy":"product_cat","embeddable":true,"href":"https:\/\/roksa-sx.com\/pl\/wp-json\/wp\/v2\/product_cat?post=380468"},{"taxonomy":"product_tag","embeddable":true,"href":"https:\/\/roksa-sx.com\/pl\/wp-json\/wp\/v2\/product_tag?post=380468"}],"curies":[{"name":"wp","href":"https:\/\/api.w.org\/{rel}","templated":true}]}}