{"id":380506,"date":"2024-10-25T07:00:32","date_gmt":"2024-10-25T07:00:32","guid":{"rendered":"https:\/\/roksa-sx.com\/?post_type=product&#038;p=380506"},"modified":"2024-10-25T07:00:32","modified_gmt":"2024-10-25T07:00:32","slug":"smoczyca","status":"publish","type":"product","link":"https:\/\/roksa-sx.com\/pl\/escort\/smoczyca\/","title":{"rendered":"smoczyca"},"content":{"rendered":"<p>Zawsze u\u015bmiechni\u0119ta zawsze pogodna ale samotna, zape\u0142nisz moj\u0105 pust\u0119 siebie ?<\/p>","protected":false},"excerpt":{"rendered":"<p>Zawsze u\u015bmiechni\u0119ta zawsze pogodna ale samotna, zape\u0142nisz moj\u0105 pust\u0119 siebie ?<\/p>","protected":false},"featured_media":12377394,"template":"","meta":[],"product_brand":[],"product_cat":[2541],"product_tag":[],"class_list":{"0":"post-380506","1":"product","2":"type-product","3":"status-publish","4":"has-post-thumbnail","6":"product_cat-warszawa-escorts","7":"pa_enjoys-escorts-who-like-or-enjoy-69","8":"pa_enjoys-escorts-who-like-or-enjoy-anal","9":"pa_enjoys-escorts-who-like-or-enjoy-bdsm","10":"pa_enjoys-escorts-who-like-or-enjoy-big-dick","11":"pa_enjoys-escorts-who-like-or-enjoy-blowjob","12":"pa_enjoys-escorts-who-like-or-enjoy-dildo","13":"pa_enjoys-escorts-who-like-or-enjoy-doggy-style","14":"pa_enjoys-escorts-who-like-or-enjoy-experimental","15":"pa_enjoys-escorts-who-like-or-enjoy-handcuffs","16":"pa_enjoys-escorts-who-like-or-enjoy-kissing","17":"pa_enjoys-escorts-who-like-or-enjoy-massage","18":"pa_enjoys-escorts-who-like-or-enjoy-muscles","19":"pa_enjoys-escorts-who-like-or-enjoy-orgy","20":"pa_enjoys-escorts-who-like-or-enjoy-role-play","21":"pa_enjoys-escorts-who-like-or-enjoy-romantic","22":"pa_enjoys-escorts-who-like-or-enjoy-sugar-daddy","24":"first","25":"instock","26":"shipping-taxable","27":"product-type-external"},"yoast_head":"<!-- This site is optimized with the Yoast SEO Premium plugin v22.3 (Yoast SEO v27.3) - https:\/\/yoast.com\/product\/yoast-seo-premium-wordpress\/ -->\n<title>smoczyca - Roksa<\/title>\n<meta name=\"description\" content=\"smoczyca is a escort girl that is available in Poland for you to contact. Contact smoczyca today. Roksa\" \/>\n<meta name=\"robots\" content=\"index, follow, max-snippet:-1, max-image-preview:large, max-video-preview:-1\" \/>\n<link rel=\"canonical\" href=\"https:\/\/roksa-sx.com\/pl\/eskorta\/smoczyca\/\" \/>\n<meta property=\"og:locale\" content=\"pl_PL\" \/>\n<meta property=\"og:type\" content=\"article\" \/>\n<meta property=\"og:title\" content=\"smoczyca\" \/>\n<meta property=\"og:description\" content=\"smoczyca is a escort girl that is available in Poland for you to contact. Contact smoczyca today. Roksa\" \/>\n<meta property=\"og:url\" content=\"https:\/\/roksa-sx.com\/pl\/eskorta\/smoczyca\/\" \/>\n<meta property=\"og:site_name\" content=\"Roksa\" \/>\n<meta property=\"og:image\" content=\"https:\/\/roksa-sx.com\/wp-content\/uploads\/2024\/04\/380506_50.jpg\" \/>\n\t<meta property=\"og:image:width\" content=\"1\" \/>\n\t<meta property=\"og:image:height\" content=\"1\" \/>\n\t<meta property=\"og:image:type\" content=\"image\/jpeg\" \/>\n<meta name=\"twitter:card\" content=\"summary_large_image\" \/>\n<script type=\"application\/ld+json\" class=\"yoast-schema-graph\">{\"@context\":\"https:\\\/\\\/schema.org\",\"@graph\":[{\"@type\":\"WebPage\",\"@id\":\"https:\\\/\\\/roksa-sx.com\\\/escort\\\/smoczyca\\\/\",\"url\":\"https:\\\/\\\/roksa-sx.com\\\/escort\\\/smoczyca\\\/\",\"name\":\"smoczyca - Roksa\",\"isPartOf\":{\"@id\":\"https:\\\/\\\/roksa-sx.com\\\/#website\"},\"primaryImageOfPage\":{\"@id\":\"https:\\\/\\\/roksa-sx.com\\\/escort\\\/smoczyca\\\/#primaryimage\"},\"image\":{\"@id\":\"https:\\\/\\\/roksa-sx.com\\\/escort\\\/smoczyca\\\/#primaryimage\"},\"thumbnailUrl\":\"https:\\\/\\\/roksa-sx.com\\\/wp-content\\\/uploads\\\/2024\\\/04\\\/380506_50.jpg\",\"datePublished\":\"2024-10-25T07:00:32+00:00\",\"description\":\"smoczyca is a escort girl that is available in Poland for you to contact. Contact smoczyca today. Roksa\",\"breadcrumb\":{\"@id\":\"https:\\\/\\\/roksa-sx.com\\\/escort\\\/smoczyca\\\/#breadcrumb\"},\"inLanguage\":\"pl-PL\",\"potentialAction\":[{\"@type\":\"ReadAction\",\"target\":[\"https:\\\/\\\/roksa-sx.com\\\/escort\\\/smoczyca\\\/\"]}]},{\"@type\":\"ImageObject\",\"inLanguage\":\"pl-PL\",\"@id\":\"https:\\\/\\\/roksa-sx.com\\\/escort\\\/smoczyca\\\/#primaryimage\",\"url\":\"https:\\\/\\\/roksa-sx.com\\\/wp-content\\\/uploads\\\/2024\\\/04\\\/380506_50.jpg\",\"contentUrl\":\"https:\\\/\\\/roksa-sx.com\\\/wp-content\\\/uploads\\\/2024\\\/04\\\/380506_50.jpg\",\"caption\":\"smoczyca\"},{\"@type\":\"BreadcrumbList\",\"@id\":\"https:\\\/\\\/roksa-sx.com\\\/escort\\\/smoczyca\\\/#breadcrumb\",\"itemListElement\":[{\"@type\":\"ListItem\",\"position\":1,\"name\":\"Home\",\"item\":\"https:\\\/\\\/roksa-sx.com\\\/\"},{\"@type\":\"ListItem\",\"position\":2,\"name\":\"Rokas SX Escorts\",\"item\":\"https:\\\/\\\/roksa-sx.com\\\/\"},{\"@type\":\"ListItem\",\"position\":3,\"name\":\"smoczyca\"}]},{\"@type\":\"WebSite\",\"@id\":\"https:\\\/\\\/roksa-sx.com\\\/#website\",\"url\":\"https:\\\/\\\/roksa-sx.com\\\/\",\"name\":\"Escort WP\",\"description\":\"\",\"publisher\":{\"@id\":\"https:\\\/\\\/roksa-sx.com\\\/#organization\"},\"alternateName\":\"Escorts\",\"potentialAction\":[{\"@type\":\"SearchAction\",\"target\":{\"@type\":\"EntryPoint\",\"urlTemplate\":\"https:\\\/\\\/roksa-sx.com\\\/?s={search_term_string}\"},\"query-input\":{\"@type\":\"PropertyValueSpecification\",\"valueRequired\":true,\"valueName\":\"search_term_string\"}}],\"inLanguage\":\"pl-PL\"},{\"@type\":\"Organization\",\"@id\":\"https:\\\/\\\/roksa-sx.com\\\/#organization\",\"name\":\"Escort WP\",\"url\":\"https:\\\/\\\/roksa-sx.com\\\/\",\"logo\":{\"@type\":\"ImageObject\",\"inLanguage\":\"pl-PL\",\"@id\":\"https:\\\/\\\/roksa-sx.com\\\/#\\\/schema\\\/logo\\\/image\\\/\",\"url\":\"https:\\\/\\\/roksa-sx.com\\\/wp-content\\\/uploads\\\/2024\\\/04\\\/Roksa-sx.com_.png\",\"contentUrl\":\"https:\\\/\\\/roksa-sx.com\\\/wp-content\\\/uploads\\\/2024\\\/04\\\/Roksa-sx.com_.png\",\"width\":240,\"height\":62,\"caption\":\"Escort WP\"},\"image\":{\"@id\":\"https:\\\/\\\/roksa-sx.com\\\/#\\\/schema\\\/logo\\\/image\\\/\"}}]}<\/script>\n<!-- \/ Yoast SEO Premium plugin. -->","yoast_head_json":{"title":"smoczyca - Roksa","description":"smoczyca to dziewczyna do towarzystwa dost\u0119pna w Polsce, z kt\u00f3r\u0105 mo\u017cesz si\u0119 skontaktowa\u0107. Skontaktuj si\u0119 ze smoczyc\u0105 ju\u017c dzi\u015b. Roksa","robots":{"index":"index","follow":"follow","max-snippet":"max-snippet:-1","max-image-preview":"max-image-preview:large","max-video-preview":"max-video-preview:-1"},"canonical":"https:\/\/roksa-sx.com\/pl\/eskorta\/smoczyca\/","og_locale":"pl_PL","og_type":"article","og_title":"smoczyca","og_description":"smoczyca is a escort girl that is available in Poland for you to contact. Contact smoczyca today. Roksa","og_url":"https:\/\/roksa-sx.com\/pl\/eskorta\/smoczyca\/","og_site_name":"Roksa","og_image":[{"url":"https:\/\/roksa-sx.com\/wp-content\/uploads\/2024\/04\/380506_50.jpg","width":1,"height":1,"type":"image\/jpeg"}],"twitter_card":"summary_large_image","schema":{"@context":"https:\/\/schema.org","@graph":[{"@type":"WebPage","@id":"https:\/\/roksa-sx.com\/escort\/smoczyca\/","url":"https:\/\/roksa-sx.com\/escort\/smoczyca\/","name":"smoczyca - Roksa","isPartOf":{"@id":"https:\/\/roksa-sx.com\/#website"},"primaryImageOfPage":{"@id":"https:\/\/roksa-sx.com\/escort\/smoczyca\/#primaryimage"},"image":{"@id":"https:\/\/roksa-sx.com\/escort\/smoczyca\/#primaryimage"},"thumbnailUrl":"https:\/\/roksa-sx.com\/wp-content\/uploads\/2024\/04\/380506_50.jpg","datePublished":"2024-10-25T07:00:32+00:00","description":"smoczyca to dziewczyna do towarzystwa dost\u0119pna w Polsce, z kt\u00f3r\u0105 mo\u017cesz si\u0119 skontaktowa\u0107. Skontaktuj si\u0119 ze smoczyc\u0105 ju\u017c dzi\u015b. Roksa","breadcrumb":{"@id":"https:\/\/roksa-sx.com\/escort\/smoczyca\/#breadcrumb"},"inLanguage":"pl-PL","potentialAction":[{"@type":"ReadAction","target":["https:\/\/roksa-sx.com\/escort\/smoczyca\/"]}]},{"@type":"ImageObject","inLanguage":"pl-PL","@id":"https:\/\/roksa-sx.com\/escort\/smoczyca\/#primaryimage","url":"https:\/\/roksa-sx.com\/wp-content\/uploads\/2024\/04\/380506_50.jpg","contentUrl":"https:\/\/roksa-sx.com\/wp-content\/uploads\/2024\/04\/380506_50.jpg","caption":"smoczyca"},{"@type":"BreadcrumbList","@id":"https:\/\/roksa-sx.com\/escort\/smoczyca\/#breadcrumb","itemListElement":[{"@type":"ListItem","position":1,"name":"Home","item":"https:\/\/roksa-sx.com\/"},{"@type":"ListItem","position":2,"name":"Rokas SX Escorts","item":"https:\/\/roksa-sx.com\/"},{"@type":"ListItem","position":3,"name":"smoczyca"}]},{"@type":"WebSite","@id":"https:\/\/roksa-sx.com\/#website","url":"https:\/\/roksa-sx.com\/","name":"Eskortuj WP","description":"","publisher":{"@id":"https:\/\/roksa-sx.com\/#organization"},"alternateName":"Escorts","potentialAction":[{"@type":"SearchAction","target":{"@type":"EntryPoint","urlTemplate":"https:\/\/roksa-sx.com\/?s={search_term_string}"},"query-input":{"@type":"PropertyValueSpecification","valueRequired":true,"valueName":"search_term_string"}}],"inLanguage":"pl-PL"},{"@type":"Organization","@id":"https:\/\/roksa-sx.com\/#organization","name":"Eskortuj WP","url":"https:\/\/roksa-sx.com\/","logo":{"@type":"ImageObject","inLanguage":"pl-PL","@id":"https:\/\/roksa-sx.com\/#\/schema\/logo\/image\/","url":"https:\/\/roksa-sx.com\/wp-content\/uploads\/2024\/04\/Roksa-sx.com_.png","contentUrl":"https:\/\/roksa-sx.com\/wp-content\/uploads\/2024\/04\/Roksa-sx.com_.png","width":240,"height":62,"caption":"Escort WP"},"image":{"@id":"https:\/\/roksa-sx.com\/#\/schema\/logo\/image\/"}}]}},"_links":{"self":[{"href":"https:\/\/roksa-sx.com\/pl\/wp-json\/wp\/v2\/product\/380506","targetHints":{"allow":["GET"]}}],"collection":[{"href":"https:\/\/roksa-sx.com\/pl\/wp-json\/wp\/v2\/product"}],"about":[{"href":"https:\/\/roksa-sx.com\/pl\/wp-json\/wp\/v2\/types\/product"}],"wp:featuredmedia":[{"embeddable":true,"href":"https:\/\/roksa-sx.com\/pl\/wp-json\/wp\/v2\/media\/12377394"}],"wp:attachment":[{"href":"https:\/\/roksa-sx.com\/pl\/wp-json\/wp\/v2\/media?parent=380506"}],"wp:term":[{"taxonomy":"product_brand","embeddable":true,"href":"https:\/\/roksa-sx.com\/pl\/wp-json\/wp\/v2\/product_brand?post=380506"},{"taxonomy":"product_cat","embeddable":true,"href":"https:\/\/roksa-sx.com\/pl\/wp-json\/wp\/v2\/product_cat?post=380506"},{"taxonomy":"product_tag","embeddable":true,"href":"https:\/\/roksa-sx.com\/pl\/wp-json\/wp\/v2\/product_tag?post=380506"}],"curies":[{"name":"wp","href":"https:\/\/api.w.org\/{rel}","templated":true}]}}