{"id":380510,"date":"2024-11-13T07:00:18","date_gmt":"2024-11-13T07:00:18","guid":{"rendered":"https:\/\/roksa-sx.com\/?post_type=product&#038;p=380510"},"modified":"2024-11-13T07:00:18","modified_gmt":"2024-11-13T07:00:18","slug":"niebieskookaxxl","status":"publish","type":"product","link":"https:\/\/roksa-sx.com\/pl\/escort\/niebieskookaxxl\/","title":{"rendered":"niebieskookaxxl"},"content":{"rendered":"<p>Lubisz wi\u0119cej cia\u0142ka? Nie boisz si\u0119 ciekawych i mi\u0119kkich kszta\u0142t\u00f3w? Napisz do mnie ja nie gryz\u0119.<\/p>","protected":false},"excerpt":{"rendered":"<p>Lubisz wi\u0119cej cia\u0142ka? Nie boisz si\u0119 ciekawych i mi\u0119kkich kszta\u0142t\u00f3w? Napisz do mnie ja nie gryz\u0119.<\/p>","protected":false},"featured_media":12377509,"template":"","meta":[],"product_brand":[],"product_cat":[2541],"product_tag":[],"class_list":{"0":"post-380510","1":"product","2":"type-product","3":"status-publish","4":"has-post-thumbnail","6":"product_cat-warszawa-escorts","7":"pa_enjoys-escorts-who-like-or-enjoy-69","8":"pa_enjoys-escorts-who-like-or-enjoy-anal","9":"pa_enjoys-escorts-who-like-or-enjoy-bdsm","10":"pa_enjoys-escorts-who-like-or-enjoy-being-dominated","11":"pa_enjoys-escorts-who-like-or-enjoy-dildo","12":"pa_enjoys-escorts-who-like-or-enjoy-doggy-style","13":"pa_enjoys-escorts-who-like-or-enjoy-kissing","14":"pa_enjoys-escorts-who-like-or-enjoy-massage","15":"pa_enjoys-escorts-who-like-or-enjoy-masturbation","16":"pa_enjoys-escorts-who-like-or-enjoy-missionary","17":"pa_enjoys-escorts-who-like-or-enjoy-oral-sex","18":"pa_enjoys-escorts-who-like-or-enjoy-public","19":"pa_enjoys-escorts-who-like-or-enjoy-romantic","20":"pa_enjoys-escorts-who-like-or-enjoy-sex-toys","21":"pa_enjoys-escorts-who-like-or-enjoy-sugar-daddy","22":"pa_enjoys-escorts-who-like-or-enjoy-to-dominate","24":"first","25":"instock","26":"shipping-taxable","27":"product-type-external"},"yoast_head":"<!-- This site is optimized with the Yoast SEO Premium plugin v22.3 (Yoast SEO v27.0) - https:\/\/yoast.com\/product\/yoast-seo-premium-wordpress\/ -->\n<title>niebieskookaxxl - Roksa<\/title>\n<meta name=\"description\" content=\"niebieskookaxxl is a escort girl that is available in Poland for you to contact. Contact niebieskookaxxl today. Roksa\" \/>\n<meta name=\"robots\" content=\"index, follow, max-snippet:-1, max-image-preview:large, max-video-preview:-1\" \/>\n<link rel=\"canonical\" href=\"https:\/\/roksa-sx.com\/pl\/eskorta\/niebieskookaxxl\/\" \/>\n<meta property=\"og:locale\" content=\"pl_PL\" \/>\n<meta property=\"og:type\" content=\"article\" \/>\n<meta property=\"og:title\" content=\"niebieskookaxxl\" \/>\n<meta property=\"og:description\" content=\"niebieskookaxxl is a escort girl that is available in Poland for you to contact. Contact niebieskookaxxl today. Roksa\" \/>\n<meta property=\"og:url\" content=\"https:\/\/roksa-sx.com\/pl\/eskorta\/niebieskookaxxl\/\" \/>\n<meta property=\"og:site_name\" content=\"Roksa\" \/>\n<meta property=\"og:image\" content=\"https:\/\/roksa-sx.com\/wp-content\/uploads\/2024\/04\/380510_50.jpg\" \/>\n\t<meta property=\"og:image:width\" content=\"1\" \/>\n\t<meta property=\"og:image:height\" content=\"1\" \/>\n\t<meta property=\"og:image:type\" content=\"image\/jpeg\" \/>\n<meta name=\"twitter:card\" content=\"summary_large_image\" \/>\n<script type=\"application\/ld+json\" class=\"yoast-schema-graph\">{\"@context\":\"https:\/\/schema.org\",\"@graph\":[{\"@type\":\"WebPage\",\"@id\":\"https:\/\/roksa-sx.com\/escort\/niebieskookaxxl\/\",\"url\":\"https:\/\/roksa-sx.com\/escort\/niebieskookaxxl\/\",\"name\":\"niebieskookaxxl - Roksa\",\"isPartOf\":{\"@id\":\"https:\/\/roksa-sx.com\/#website\"},\"primaryImageOfPage\":{\"@id\":\"https:\/\/roksa-sx.com\/escort\/niebieskookaxxl\/#primaryimage\"},\"image\":{\"@id\":\"https:\/\/roksa-sx.com\/escort\/niebieskookaxxl\/#primaryimage\"},\"thumbnailUrl\":\"https:\/\/roksa-sx.com\/wp-content\/uploads\/2024\/04\/380510_50.jpg\",\"datePublished\":\"2024-11-13T07:00:18+00:00\",\"description\":\"niebieskookaxxl is a escort girl that is available in Poland for you to contact. Contact niebieskookaxxl today. Roksa\",\"breadcrumb\":{\"@id\":\"https:\/\/roksa-sx.com\/escort\/niebieskookaxxl\/#breadcrumb\"},\"inLanguage\":\"pl-PL\",\"potentialAction\":[{\"@type\":\"ReadAction\",\"target\":[\"https:\/\/roksa-sx.com\/escort\/niebieskookaxxl\/\"]}]},{\"@type\":\"ImageObject\",\"inLanguage\":\"pl-PL\",\"@id\":\"https:\/\/roksa-sx.com\/escort\/niebieskookaxxl\/#primaryimage\",\"url\":\"https:\/\/roksa-sx.com\/wp-content\/uploads\/2024\/04\/380510_50.jpg\",\"contentUrl\":\"https:\/\/roksa-sx.com\/wp-content\/uploads\/2024\/04\/380510_50.jpg\",\"caption\":\"niebieskookaxxl\"},{\"@type\":\"BreadcrumbList\",\"@id\":\"https:\/\/roksa-sx.com\/escort\/niebieskookaxxl\/#breadcrumb\",\"itemListElement\":[{\"@type\":\"ListItem\",\"position\":1,\"name\":\"Home\",\"item\":\"https:\/\/roksa-sx.com\/\"},{\"@type\":\"ListItem\",\"position\":2,\"name\":\"Rokas SX Escorts\",\"item\":\"https:\/\/roksa-sx.com\/\"},{\"@type\":\"ListItem\",\"position\":3,\"name\":\"niebieskookaxxl\"}]},{\"@type\":\"WebSite\",\"@id\":\"https:\/\/roksa-sx.com\/#website\",\"url\":\"https:\/\/roksa-sx.com\/\",\"name\":\"Escort WP\",\"description\":\"\",\"publisher\":{\"@id\":\"https:\/\/roksa-sx.com\/#organization\"},\"alternateName\":\"Escorts\",\"potentialAction\":[{\"@type\":\"SearchAction\",\"target\":{\"@type\":\"EntryPoint\",\"urlTemplate\":\"https:\/\/roksa-sx.com\/?s={search_term_string}\"},\"query-input\":{\"@type\":\"PropertyValueSpecification\",\"valueRequired\":true,\"valueName\":\"search_term_string\"}}],\"inLanguage\":\"pl-PL\"},{\"@type\":\"Organization\",\"@id\":\"https:\/\/roksa-sx.com\/#organization\",\"name\":\"Escort WP\",\"url\":\"https:\/\/roksa-sx.com\/\",\"logo\":{\"@type\":\"ImageObject\",\"inLanguage\":\"pl-PL\",\"@id\":\"https:\/\/roksa-sx.com\/#\/schema\/logo\/image\/\",\"url\":\"https:\/\/roksa-sx.com\/wp-content\/uploads\/2024\/04\/Roksa-sx.com_.png\",\"contentUrl\":\"https:\/\/roksa-sx.com\/wp-content\/uploads\/2024\/04\/Roksa-sx.com_.png\",\"width\":240,\"height\":62,\"caption\":\"Escort WP\"},\"image\":{\"@id\":\"https:\/\/roksa-sx.com\/#\/schema\/logo\/image\/\"}}]}<\/script>\n<!-- \/ Yoast SEO Premium plugin. -->","yoast_head_json":{"title":"niebieskookaxxl - Roksa","description":"niebieskookaxxl to dziewczyna do towarzystwa dost\u0119pna w Polsce, z kt\u00f3r\u0105 mo\u017cesz si\u0119 skontaktowa\u0107. Skontaktuj si\u0119 z niebieskookaxxl ju\u017c dzi\u015b. Roksa","robots":{"index":"index","follow":"follow","max-snippet":"max-snippet:-1","max-image-preview":"max-image-preview:large","max-video-preview":"max-video-preview:-1"},"canonical":"https:\/\/roksa-sx.com\/pl\/eskorta\/niebieskookaxxl\/","og_locale":"pl_PL","og_type":"article","og_title":"niebieskookaxxl","og_description":"niebieskookaxxl is a escort girl that is available in Poland for you to contact. Contact niebieskookaxxl today. Roksa","og_url":"https:\/\/roksa-sx.com\/pl\/eskorta\/niebieskookaxxl\/","og_site_name":"Roksa","og_image":[{"url":"https:\/\/roksa-sx.com\/wp-content\/uploads\/2024\/04\/380510_50.jpg","width":1,"height":1,"type":"image\/jpeg"}],"twitter_card":"summary_large_image","schema":{"@context":"https:\/\/schema.org","@graph":[{"@type":"WebPage","@id":"https:\/\/roksa-sx.com\/escort\/niebieskookaxxl\/","url":"https:\/\/roksa-sx.com\/escort\/niebieskookaxxl\/","name":"niebieskookaxxl - Roksa","isPartOf":{"@id":"https:\/\/roksa-sx.com\/#website"},"primaryImageOfPage":{"@id":"https:\/\/roksa-sx.com\/escort\/niebieskookaxxl\/#primaryimage"},"image":{"@id":"https:\/\/roksa-sx.com\/escort\/niebieskookaxxl\/#primaryimage"},"thumbnailUrl":"https:\/\/roksa-sx.com\/wp-content\/uploads\/2024\/04\/380510_50.jpg","datePublished":"2024-11-13T07:00:18+00:00","description":"niebieskookaxxl to dziewczyna do towarzystwa dost\u0119pna w Polsce, z kt\u00f3r\u0105 mo\u017cesz si\u0119 skontaktowa\u0107. Skontaktuj si\u0119 z niebieskookaxxl ju\u017c dzi\u015b. Roksa","breadcrumb":{"@id":"https:\/\/roksa-sx.com\/escort\/niebieskookaxxl\/#breadcrumb"},"inLanguage":"pl-PL","potentialAction":[{"@type":"ReadAction","target":["https:\/\/roksa-sx.com\/escort\/niebieskookaxxl\/"]}]},{"@type":"ImageObject","inLanguage":"pl-PL","@id":"https:\/\/roksa-sx.com\/escort\/niebieskookaxxl\/#primaryimage","url":"https:\/\/roksa-sx.com\/wp-content\/uploads\/2024\/04\/380510_50.jpg","contentUrl":"https:\/\/roksa-sx.com\/wp-content\/uploads\/2024\/04\/380510_50.jpg","caption":"niebieskookaxxl"},{"@type":"BreadcrumbList","@id":"https:\/\/roksa-sx.com\/escort\/niebieskookaxxl\/#breadcrumb","itemListElement":[{"@type":"ListItem","position":1,"name":"Home","item":"https:\/\/roksa-sx.com\/"},{"@type":"ListItem","position":2,"name":"Rokas SX Escorts","item":"https:\/\/roksa-sx.com\/"},{"@type":"ListItem","position":3,"name":"niebieskookaxxl"}]},{"@type":"WebSite","@id":"https:\/\/roksa-sx.com\/#website","url":"https:\/\/roksa-sx.com\/","name":"Eskortuj WP","description":"","publisher":{"@id":"https:\/\/roksa-sx.com\/#organization"},"alternateName":"Escorts","potentialAction":[{"@type":"SearchAction","target":{"@type":"EntryPoint","urlTemplate":"https:\/\/roksa-sx.com\/?s={search_term_string}"},"query-input":{"@type":"PropertyValueSpecification","valueRequired":true,"valueName":"search_term_string"}}],"inLanguage":"pl-PL"},{"@type":"Organization","@id":"https:\/\/roksa-sx.com\/#organization","name":"Eskortuj WP","url":"https:\/\/roksa-sx.com\/","logo":{"@type":"ImageObject","inLanguage":"pl-PL","@id":"https:\/\/roksa-sx.com\/#\/schema\/logo\/image\/","url":"https:\/\/roksa-sx.com\/wp-content\/uploads\/2024\/04\/Roksa-sx.com_.png","contentUrl":"https:\/\/roksa-sx.com\/wp-content\/uploads\/2024\/04\/Roksa-sx.com_.png","width":240,"height":62,"caption":"Escort WP"},"image":{"@id":"https:\/\/roksa-sx.com\/#\/schema\/logo\/image\/"}}]}},"_links":{"self":[{"href":"https:\/\/roksa-sx.com\/pl\/wp-json\/wp\/v2\/product\/380510","targetHints":{"allow":["GET"]}}],"collection":[{"href":"https:\/\/roksa-sx.com\/pl\/wp-json\/wp\/v2\/product"}],"about":[{"href":"https:\/\/roksa-sx.com\/pl\/wp-json\/wp\/v2\/types\/product"}],"wp:featuredmedia":[{"embeddable":true,"href":"https:\/\/roksa-sx.com\/pl\/wp-json\/wp\/v2\/media\/12377509"}],"wp:attachment":[{"href":"https:\/\/roksa-sx.com\/pl\/wp-json\/wp\/v2\/media?parent=380510"}],"wp:term":[{"taxonomy":"product_brand","embeddable":true,"href":"https:\/\/roksa-sx.com\/pl\/wp-json\/wp\/v2\/product_brand?post=380510"},{"taxonomy":"product_cat","embeddable":true,"href":"https:\/\/roksa-sx.com\/pl\/wp-json\/wp\/v2\/product_cat?post=380510"},{"taxonomy":"product_tag","embeddable":true,"href":"https:\/\/roksa-sx.com\/pl\/wp-json\/wp\/v2\/product_tag?post=380510"}],"curies":[{"name":"wp","href":"https:\/\/api.w.org\/{rel}","templated":true}]}}