{"id":380514,"date":"2024-12-03T06:59:50","date_gmt":"2024-12-03T06:59:50","guid":{"rendered":"https:\/\/roksa-sx.com\/?post_type=product&#038;p=380514"},"modified":"2024-12-03T06:59:50","modified_gmt":"2024-12-03T06:59:50","slug":"prezencik69","status":"publish","type":"product","link":"https:\/\/roksa-sx.com\/pl\/escort\/prezencik69\/","title":{"rendered":"prezencik69"},"content":{"rendered":"<p>Ch\u0119tnie poznam kogo\u015b, kto nie jest tutaj z powodu powa\u017cnej ch\u0119ci poznania kogo\u015b. niestety w ma\u0142\u017ce\u0144stwie nie dba si\u0119 o mnie odpowiednio<\/p>","protected":false},"excerpt":{"rendered":"<p>Ch\u0119tnie poznam kogo\u015b, kto nie jest tutaj z powodu powa\u017cnej ch\u0119ci poznania kogo\u015b. niestety w ma\u0142\u017ce\u0144stwie nie dba si\u0119 o mnie odpowiednio<\/p>","protected":false},"featured_media":12377630,"template":"","meta":[],"product_brand":[],"product_cat":[2541],"product_tag":[],"class_list":{"0":"post-380514","1":"product","2":"type-product","3":"status-publish","4":"has-post-thumbnail","6":"product_cat-warszawa-escorts","7":"pa_enjoys-escorts-who-like-or-enjoy-big-butt","8":"pa_enjoys-escorts-who-like-or-enjoy-big-tits","9":"pa_enjoys-escorts-who-like-or-enjoy-deepthroat","10":"pa_enjoys-escorts-who-like-or-enjoy-footjob","11":"pa_enjoys-escorts-who-like-or-enjoy-long-foreplay","12":"pa_enjoys-escorts-who-like-or-enjoy-masturbation","13":"pa_enjoys-escorts-who-like-or-enjoy-natural-breasts","14":"pa_enjoys-escorts-who-like-or-enjoy-oral-sex","15":"pa_enjoys-escorts-who-like-or-enjoy-role-play","17":"first","18":"instock","19":"shipping-taxable","20":"product-type-external"},"yoast_head":"<!-- This site is optimized with the Yoast SEO Premium plugin v22.3 (Yoast SEO v27.0) - https:\/\/yoast.com\/product\/yoast-seo-premium-wordpress\/ -->\n<title>prezencik69 - Roksa<\/title>\n<meta name=\"description\" content=\"prezencik69 is a escort girl that is available in Poland for you to contact. Contact prezencik69 today. Roksa\" \/>\n<meta name=\"robots\" content=\"index, follow, max-snippet:-1, max-image-preview:large, max-video-preview:-1\" \/>\n<link rel=\"canonical\" href=\"https:\/\/roksa-sx.com\/pl\/eskorta\/prezencik69\/\" \/>\n<meta property=\"og:locale\" content=\"pl_PL\" \/>\n<meta property=\"og:type\" content=\"article\" \/>\n<meta property=\"og:title\" content=\"prezencik69\" \/>\n<meta property=\"og:description\" content=\"prezencik69 is a escort girl that is available in Poland for you to contact. Contact prezencik69 today. Roksa\" \/>\n<meta property=\"og:url\" content=\"https:\/\/roksa-sx.com\/pl\/eskorta\/prezencik69\/\" \/>\n<meta property=\"og:site_name\" content=\"Roksa\" \/>\n<meta property=\"og:image\" content=\"https:\/\/roksa-sx.com\/wp-content\/uploads\/2024\/04\/380514_50.jpg\" \/>\n\t<meta property=\"og:image:width\" content=\"1\" \/>\n\t<meta property=\"og:image:height\" content=\"1\" \/>\n\t<meta property=\"og:image:type\" content=\"image\/jpeg\" \/>\n<meta name=\"twitter:card\" content=\"summary_large_image\" \/>\n<script type=\"application\/ld+json\" class=\"yoast-schema-graph\">{\"@context\":\"https:\/\/schema.org\",\"@graph\":[{\"@type\":\"WebPage\",\"@id\":\"https:\/\/roksa-sx.com\/escort\/prezencik69\/\",\"url\":\"https:\/\/roksa-sx.com\/escort\/prezencik69\/\",\"name\":\"prezencik69 - Roksa\",\"isPartOf\":{\"@id\":\"https:\/\/roksa-sx.com\/#website\"},\"primaryImageOfPage\":{\"@id\":\"https:\/\/roksa-sx.com\/escort\/prezencik69\/#primaryimage\"},\"image\":{\"@id\":\"https:\/\/roksa-sx.com\/escort\/prezencik69\/#primaryimage\"},\"thumbnailUrl\":\"https:\/\/roksa-sx.com\/wp-content\/uploads\/2024\/04\/380514_50.jpg\",\"datePublished\":\"2024-12-03T06:59:50+00:00\",\"description\":\"prezencik69 is a escort girl that is available in Poland for you to contact. Contact prezencik69 today. Roksa\",\"breadcrumb\":{\"@id\":\"https:\/\/roksa-sx.com\/escort\/prezencik69\/#breadcrumb\"},\"inLanguage\":\"pl-PL\",\"potentialAction\":[{\"@type\":\"ReadAction\",\"target\":[\"https:\/\/roksa-sx.com\/escort\/prezencik69\/\"]}]},{\"@type\":\"ImageObject\",\"inLanguage\":\"pl-PL\",\"@id\":\"https:\/\/roksa-sx.com\/escort\/prezencik69\/#primaryimage\",\"url\":\"https:\/\/roksa-sx.com\/wp-content\/uploads\/2024\/04\/380514_50.jpg\",\"contentUrl\":\"https:\/\/roksa-sx.com\/wp-content\/uploads\/2024\/04\/380514_50.jpg\",\"caption\":\"prezencik69\"},{\"@type\":\"BreadcrumbList\",\"@id\":\"https:\/\/roksa-sx.com\/escort\/prezencik69\/#breadcrumb\",\"itemListElement\":[{\"@type\":\"ListItem\",\"position\":1,\"name\":\"Home\",\"item\":\"https:\/\/roksa-sx.com\/\"},{\"@type\":\"ListItem\",\"position\":2,\"name\":\"Rokas SX Escorts\",\"item\":\"https:\/\/roksa-sx.com\/\"},{\"@type\":\"ListItem\",\"position\":3,\"name\":\"prezencik69\"}]},{\"@type\":\"WebSite\",\"@id\":\"https:\/\/roksa-sx.com\/#website\",\"url\":\"https:\/\/roksa-sx.com\/\",\"name\":\"Escort WP\",\"description\":\"\",\"publisher\":{\"@id\":\"https:\/\/roksa-sx.com\/#organization\"},\"alternateName\":\"Escorts\",\"potentialAction\":[{\"@type\":\"SearchAction\",\"target\":{\"@type\":\"EntryPoint\",\"urlTemplate\":\"https:\/\/roksa-sx.com\/?s={search_term_string}\"},\"query-input\":{\"@type\":\"PropertyValueSpecification\",\"valueRequired\":true,\"valueName\":\"search_term_string\"}}],\"inLanguage\":\"pl-PL\"},{\"@type\":\"Organization\",\"@id\":\"https:\/\/roksa-sx.com\/#organization\",\"name\":\"Escort WP\",\"url\":\"https:\/\/roksa-sx.com\/\",\"logo\":{\"@type\":\"ImageObject\",\"inLanguage\":\"pl-PL\",\"@id\":\"https:\/\/roksa-sx.com\/#\/schema\/logo\/image\/\",\"url\":\"https:\/\/roksa-sx.com\/wp-content\/uploads\/2024\/04\/Roksa-sx.com_.png\",\"contentUrl\":\"https:\/\/roksa-sx.com\/wp-content\/uploads\/2024\/04\/Roksa-sx.com_.png\",\"width\":240,\"height\":62,\"caption\":\"Escort WP\"},\"image\":{\"@id\":\"https:\/\/roksa-sx.com\/#\/schema\/logo\/image\/\"}}]}<\/script>\n<!-- \/ Yoast SEO Premium plugin. -->","yoast_head_json":{"title":"prezencik69 - Roksa","description":"prezencik69 to dziewczyna do towarzystwa dost\u0119pna w Polsce, z kt\u00f3r\u0105 mo\u017cesz si\u0119 skontaktowa\u0107. Skontaktuj si\u0119 z prezencik69 ju\u017c dzi\u015b. Roksa","robots":{"index":"index","follow":"follow","max-snippet":"max-snippet:-1","max-image-preview":"max-image-preview:large","max-video-preview":"max-video-preview:-1"},"canonical":"https:\/\/roksa-sx.com\/pl\/eskorta\/prezencik69\/","og_locale":"pl_PL","og_type":"article","og_title":"prezencik69","og_description":"prezencik69 is a escort girl that is available in Poland for you to contact. Contact prezencik69 today. Roksa","og_url":"https:\/\/roksa-sx.com\/pl\/eskorta\/prezencik69\/","og_site_name":"Roksa","og_image":[{"url":"https:\/\/roksa-sx.com\/wp-content\/uploads\/2024\/04\/380514_50.jpg","width":1,"height":1,"type":"image\/jpeg"}],"twitter_card":"summary_large_image","schema":{"@context":"https:\/\/schema.org","@graph":[{"@type":"WebPage","@id":"https:\/\/roksa-sx.com\/escort\/prezencik69\/","url":"https:\/\/roksa-sx.com\/escort\/prezencik69\/","name":"prezencik69 - Roksa","isPartOf":{"@id":"https:\/\/roksa-sx.com\/#website"},"primaryImageOfPage":{"@id":"https:\/\/roksa-sx.com\/escort\/prezencik69\/#primaryimage"},"image":{"@id":"https:\/\/roksa-sx.com\/escort\/prezencik69\/#primaryimage"},"thumbnailUrl":"https:\/\/roksa-sx.com\/wp-content\/uploads\/2024\/04\/380514_50.jpg","datePublished":"2024-12-03T06:59:50+00:00","description":"prezencik69 to dziewczyna do towarzystwa dost\u0119pna w Polsce, z kt\u00f3r\u0105 mo\u017cesz si\u0119 skontaktowa\u0107. Skontaktuj si\u0119 z prezencik69 ju\u017c dzi\u015b. Roksa","breadcrumb":{"@id":"https:\/\/roksa-sx.com\/escort\/prezencik69\/#breadcrumb"},"inLanguage":"pl-PL","potentialAction":[{"@type":"ReadAction","target":["https:\/\/roksa-sx.com\/escort\/prezencik69\/"]}]},{"@type":"ImageObject","inLanguage":"pl-PL","@id":"https:\/\/roksa-sx.com\/escort\/prezencik69\/#primaryimage","url":"https:\/\/roksa-sx.com\/wp-content\/uploads\/2024\/04\/380514_50.jpg","contentUrl":"https:\/\/roksa-sx.com\/wp-content\/uploads\/2024\/04\/380514_50.jpg","caption":"prezencik69"},{"@type":"BreadcrumbList","@id":"https:\/\/roksa-sx.com\/escort\/prezencik69\/#breadcrumb","itemListElement":[{"@type":"ListItem","position":1,"name":"Home","item":"https:\/\/roksa-sx.com\/"},{"@type":"ListItem","position":2,"name":"Rokas SX Escorts","item":"https:\/\/roksa-sx.com\/"},{"@type":"ListItem","position":3,"name":"prezencik69"}]},{"@type":"WebSite","@id":"https:\/\/roksa-sx.com\/#website","url":"https:\/\/roksa-sx.com\/","name":"Eskortuj WP","description":"","publisher":{"@id":"https:\/\/roksa-sx.com\/#organization"},"alternateName":"Escorts","potentialAction":[{"@type":"SearchAction","target":{"@type":"EntryPoint","urlTemplate":"https:\/\/roksa-sx.com\/?s={search_term_string}"},"query-input":{"@type":"PropertyValueSpecification","valueRequired":true,"valueName":"search_term_string"}}],"inLanguage":"pl-PL"},{"@type":"Organization","@id":"https:\/\/roksa-sx.com\/#organization","name":"Eskortuj WP","url":"https:\/\/roksa-sx.com\/","logo":{"@type":"ImageObject","inLanguage":"pl-PL","@id":"https:\/\/roksa-sx.com\/#\/schema\/logo\/image\/","url":"https:\/\/roksa-sx.com\/wp-content\/uploads\/2024\/04\/Roksa-sx.com_.png","contentUrl":"https:\/\/roksa-sx.com\/wp-content\/uploads\/2024\/04\/Roksa-sx.com_.png","width":240,"height":62,"caption":"Escort WP"},"image":{"@id":"https:\/\/roksa-sx.com\/#\/schema\/logo\/image\/"}}]}},"_links":{"self":[{"href":"https:\/\/roksa-sx.com\/pl\/wp-json\/wp\/v2\/product\/380514","targetHints":{"allow":["GET"]}}],"collection":[{"href":"https:\/\/roksa-sx.com\/pl\/wp-json\/wp\/v2\/product"}],"about":[{"href":"https:\/\/roksa-sx.com\/pl\/wp-json\/wp\/v2\/types\/product"}],"wp:featuredmedia":[{"embeddable":true,"href":"https:\/\/roksa-sx.com\/pl\/wp-json\/wp\/v2\/media\/12377630"}],"wp:attachment":[{"href":"https:\/\/roksa-sx.com\/pl\/wp-json\/wp\/v2\/media?parent=380514"}],"wp:term":[{"taxonomy":"product_brand","embeddable":true,"href":"https:\/\/roksa-sx.com\/pl\/wp-json\/wp\/v2\/product_brand?post=380514"},{"taxonomy":"product_cat","embeddable":true,"href":"https:\/\/roksa-sx.com\/pl\/wp-json\/wp\/v2\/product_cat?post=380514"},{"taxonomy":"product_tag","embeddable":true,"href":"https:\/\/roksa-sx.com\/pl\/wp-json\/wp\/v2\/product_tag?post=380514"}],"curies":[{"name":"wp","href":"https:\/\/api.w.org\/{rel}","templated":true}]}}