{"id":380525,"date":"2024-09-22T07:01:04","date_gmt":"2024-09-22T07:01:04","guid":{"rendered":"https:\/\/roksa-sx.com\/?post_type=product&#038;p=380525"},"modified":"2024-09-22T07:01:04","modified_gmt":"2024-09-22T07:01:04","slug":"s-odkaisoczysta","status":"publish","type":"product","link":"https:\/\/roksa-sx.com\/pl\/escort\/s-odkaisoczysta\/","title":{"rendered":"S\u0142odkaiSoczysta"},"content":{"rendered":"<p>Jestem s\u0142odka jak mi\u00f3d i sok z arbuza, chcesz mnie wyliza\u0107?<\/p>","protected":false},"excerpt":{"rendered":"<p>Jestem s\u0142odka jak mi\u00f3d i sok z arbuza, chcesz mnie wyliza\u0107?<\/p>","protected":false},"featured_media":12377946,"template":"","meta":[],"product_brand":[],"product_cat":[2603],"product_tag":[],"class_list":{"0":"post-380525","1":"product","2":"type-product","3":"status-publish","4":"has-post-thumbnail","6":"product_cat-krakow-escorts","7":"pa_enjoys-escorts-who-like-or-enjoy-blowjob","8":"pa_enjoys-escorts-who-like-or-enjoy-doggy-style","9":"pa_enjoys-escorts-who-like-or-enjoy-facials","10":"pa_enjoys-escorts-who-like-or-enjoy-fetish","11":"pa_enjoys-escorts-who-like-or-enjoy-oral-sex","13":"first","14":"instock","15":"shipping-taxable","16":"product-type-external"},"yoast_head":"<!-- This site is optimized with the Yoast SEO Premium plugin v22.3 (Yoast SEO v27.0) - https:\/\/yoast.com\/product\/yoast-seo-premium-wordpress\/ -->\n<title>S\u0142odkaiSoczysta - Roksa<\/title>\n<meta name=\"description\" content=\"S\u0142odkaiSoczysta is a escort girl that is available in Poland for you to contact. Contact S\u0142odkaiSoczysta today. Roksa\" \/>\n<meta name=\"robots\" content=\"index, follow, max-snippet:-1, max-image-preview:large, max-video-preview:-1\" \/>\n<link rel=\"canonical\" href=\"https:\/\/roksa-sx.com\/pl\/eskorta\/s-odkaisoczysta\/\" \/>\n<meta property=\"og:locale\" content=\"pl_PL\" \/>\n<meta property=\"og:type\" content=\"article\" \/>\n<meta property=\"og:title\" content=\"S\u0142odkaiSoczysta\" \/>\n<meta property=\"og:description\" content=\"S\u0142odkaiSoczysta is a escort girl that is available in Poland for you to contact. Contact S\u0142odkaiSoczysta today. Roksa\" \/>\n<meta property=\"og:url\" content=\"https:\/\/roksa-sx.com\/pl\/eskorta\/s-odkaisoczysta\/\" \/>\n<meta property=\"og:site_name\" content=\"Roksa\" \/>\n<meta property=\"og:image\" content=\"https:\/\/roksa-sx.com\/wp-content\/uploads\/2024\/04\/380525_50.jpg\" \/>\n\t<meta property=\"og:image:width\" content=\"270\" \/>\n\t<meta property=\"og:image:height\" content=\"400\" \/>\n\t<meta property=\"og:image:type\" content=\"image\/jpeg\" \/>\n<meta name=\"twitter:card\" content=\"summary_large_image\" \/>\n<script type=\"application\/ld+json\" class=\"yoast-schema-graph\">{\"@context\":\"https:\/\/schema.org\",\"@graph\":[{\"@type\":\"WebPage\",\"@id\":\"https:\/\/roksa-sx.com\/escort\/s-odkaisoczysta\/\",\"url\":\"https:\/\/roksa-sx.com\/escort\/s-odkaisoczysta\/\",\"name\":\"S\u0142odkaiSoczysta - Roksa\",\"isPartOf\":{\"@id\":\"https:\/\/roksa-sx.com\/#website\"},\"primaryImageOfPage\":{\"@id\":\"https:\/\/roksa-sx.com\/escort\/s-odkaisoczysta\/#primaryimage\"},\"image\":{\"@id\":\"https:\/\/roksa-sx.com\/escort\/s-odkaisoczysta\/#primaryimage\"},\"thumbnailUrl\":\"https:\/\/roksa-sx.com\/wp-content\/uploads\/2024\/04\/380525_50.jpg\",\"datePublished\":\"2024-09-22T07:01:04+00:00\",\"description\":\"S\u0142odkaiSoczysta is a escort girl that is available in Poland for you to contact. Contact S\u0142odkaiSoczysta today. Roksa\",\"breadcrumb\":{\"@id\":\"https:\/\/roksa-sx.com\/escort\/s-odkaisoczysta\/#breadcrumb\"},\"inLanguage\":\"pl-PL\",\"potentialAction\":[{\"@type\":\"ReadAction\",\"target\":[\"https:\/\/roksa-sx.com\/escort\/s-odkaisoczysta\/\"]}]},{\"@type\":\"ImageObject\",\"inLanguage\":\"pl-PL\",\"@id\":\"https:\/\/roksa-sx.com\/escort\/s-odkaisoczysta\/#primaryimage\",\"url\":\"https:\/\/roksa-sx.com\/wp-content\/uploads\/2024\/04\/380525_50.jpg\",\"contentUrl\":\"https:\/\/roksa-sx.com\/wp-content\/uploads\/2024\/04\/380525_50.jpg\",\"width\":270,\"height\":400,\"caption\":\"S\u0142odkaiSoczysta\"},{\"@type\":\"BreadcrumbList\",\"@id\":\"https:\/\/roksa-sx.com\/escort\/s-odkaisoczysta\/#breadcrumb\",\"itemListElement\":[{\"@type\":\"ListItem\",\"position\":1,\"name\":\"Home\",\"item\":\"https:\/\/roksa-sx.com\/\"},{\"@type\":\"ListItem\",\"position\":2,\"name\":\"Rokas SX Escorts\",\"item\":\"https:\/\/roksa-sx.com\/\"},{\"@type\":\"ListItem\",\"position\":3,\"name\":\"S\u0142odkaiSoczysta\"}]},{\"@type\":\"WebSite\",\"@id\":\"https:\/\/roksa-sx.com\/#website\",\"url\":\"https:\/\/roksa-sx.com\/\",\"name\":\"Escort WP\",\"description\":\"\",\"publisher\":{\"@id\":\"https:\/\/roksa-sx.com\/#organization\"},\"alternateName\":\"Escorts\",\"potentialAction\":[{\"@type\":\"SearchAction\",\"target\":{\"@type\":\"EntryPoint\",\"urlTemplate\":\"https:\/\/roksa-sx.com\/?s={search_term_string}\"},\"query-input\":{\"@type\":\"PropertyValueSpecification\",\"valueRequired\":true,\"valueName\":\"search_term_string\"}}],\"inLanguage\":\"pl-PL\"},{\"@type\":\"Organization\",\"@id\":\"https:\/\/roksa-sx.com\/#organization\",\"name\":\"Escort WP\",\"url\":\"https:\/\/roksa-sx.com\/\",\"logo\":{\"@type\":\"ImageObject\",\"inLanguage\":\"pl-PL\",\"@id\":\"https:\/\/roksa-sx.com\/#\/schema\/logo\/image\/\",\"url\":\"https:\/\/roksa-sx.com\/wp-content\/uploads\/2024\/04\/Roksa-sx.com_.png\",\"contentUrl\":\"https:\/\/roksa-sx.com\/wp-content\/uploads\/2024\/04\/Roksa-sx.com_.png\",\"width\":240,\"height\":62,\"caption\":\"Escort WP\"},\"image\":{\"@id\":\"https:\/\/roksa-sx.com\/#\/schema\/logo\/image\/\"}}]}<\/script>\n<!-- \/ Yoast SEO Premium plugin. -->","yoast_head_json":{"title":"S\u0142odkaiSoczysta - Roksa","description":"S\u0142odkaiSoczysta to dziewczyna do towarzystwa dost\u0119pna w Polsce, z kt\u00f3r\u0105 mo\u017cesz si\u0119 skontaktowa\u0107. Skontaktuj si\u0119 ze S\u0142odkaiSoczyst\u0105 ju\u017c dzi\u015b. Roksa","robots":{"index":"index","follow":"follow","max-snippet":"max-snippet:-1","max-image-preview":"max-image-preview:large","max-video-preview":"max-video-preview:-1"},"canonical":"https:\/\/roksa-sx.com\/pl\/eskorta\/s-odkaisoczysta\/","og_locale":"pl_PL","og_type":"article","og_title":"S\u0142odkaiSoczysta","og_description":"S\u0142odkaiSoczysta is a escort girl that is available in Poland for you to contact. Contact S\u0142odkaiSoczysta today. Roksa","og_url":"https:\/\/roksa-sx.com\/pl\/eskorta\/s-odkaisoczysta\/","og_site_name":"Roksa","og_image":[{"width":270,"height":400,"url":"https:\/\/roksa-sx.com\/wp-content\/uploads\/2024\/04\/380525_50.jpg","type":"image\/jpeg"}],"twitter_card":"summary_large_image","schema":{"@context":"https:\/\/schema.org","@graph":[{"@type":"WebPage","@id":"https:\/\/roksa-sx.com\/escort\/s-odkaisoczysta\/","url":"https:\/\/roksa-sx.com\/escort\/s-odkaisoczysta\/","name":"S\u0142odkaiSoczysta - Roksa","isPartOf":{"@id":"https:\/\/roksa-sx.com\/#website"},"primaryImageOfPage":{"@id":"https:\/\/roksa-sx.com\/escort\/s-odkaisoczysta\/#primaryimage"},"image":{"@id":"https:\/\/roksa-sx.com\/escort\/s-odkaisoczysta\/#primaryimage"},"thumbnailUrl":"https:\/\/roksa-sx.com\/wp-content\/uploads\/2024\/04\/380525_50.jpg","datePublished":"2024-09-22T07:01:04+00:00","description":"S\u0142odkaiSoczysta to dziewczyna do towarzystwa dost\u0119pna w Polsce, z kt\u00f3r\u0105 mo\u017cesz si\u0119 skontaktowa\u0107. Skontaktuj si\u0119 ze S\u0142odkaiSoczyst\u0105 ju\u017c dzi\u015b. Roksa","breadcrumb":{"@id":"https:\/\/roksa-sx.com\/escort\/s-odkaisoczysta\/#breadcrumb"},"inLanguage":"pl-PL","potentialAction":[{"@type":"ReadAction","target":["https:\/\/roksa-sx.com\/escort\/s-odkaisoczysta\/"]}]},{"@type":"ImageObject","inLanguage":"pl-PL","@id":"https:\/\/roksa-sx.com\/escort\/s-odkaisoczysta\/#primaryimage","url":"https:\/\/roksa-sx.com\/wp-content\/uploads\/2024\/04\/380525_50.jpg","contentUrl":"https:\/\/roksa-sx.com\/wp-content\/uploads\/2024\/04\/380525_50.jpg","width":270,"height":400,"caption":"S\u0142odkaiSoczysta"},{"@type":"BreadcrumbList","@id":"https:\/\/roksa-sx.com\/escort\/s-odkaisoczysta\/#breadcrumb","itemListElement":[{"@type":"ListItem","position":1,"name":"Home","item":"https:\/\/roksa-sx.com\/"},{"@type":"ListItem","position":2,"name":"Rokas SX Escorts","item":"https:\/\/roksa-sx.com\/"},{"@type":"ListItem","position":3,"name":"S\u0142odkaiSoczysta"}]},{"@type":"WebSite","@id":"https:\/\/roksa-sx.com\/#website","url":"https:\/\/roksa-sx.com\/","name":"Eskortuj WP","description":"","publisher":{"@id":"https:\/\/roksa-sx.com\/#organization"},"alternateName":"Escorts","potentialAction":[{"@type":"SearchAction","target":{"@type":"EntryPoint","urlTemplate":"https:\/\/roksa-sx.com\/?s={search_term_string}"},"query-input":{"@type":"PropertyValueSpecification","valueRequired":true,"valueName":"search_term_string"}}],"inLanguage":"pl-PL"},{"@type":"Organization","@id":"https:\/\/roksa-sx.com\/#organization","name":"Eskortuj WP","url":"https:\/\/roksa-sx.com\/","logo":{"@type":"ImageObject","inLanguage":"pl-PL","@id":"https:\/\/roksa-sx.com\/#\/schema\/logo\/image\/","url":"https:\/\/roksa-sx.com\/wp-content\/uploads\/2024\/04\/Roksa-sx.com_.png","contentUrl":"https:\/\/roksa-sx.com\/wp-content\/uploads\/2024\/04\/Roksa-sx.com_.png","width":240,"height":62,"caption":"Escort WP"},"image":{"@id":"https:\/\/roksa-sx.com\/#\/schema\/logo\/image\/"}}]}},"_links":{"self":[{"href":"https:\/\/roksa-sx.com\/pl\/wp-json\/wp\/v2\/product\/380525","targetHints":{"allow":["GET"]}}],"collection":[{"href":"https:\/\/roksa-sx.com\/pl\/wp-json\/wp\/v2\/product"}],"about":[{"href":"https:\/\/roksa-sx.com\/pl\/wp-json\/wp\/v2\/types\/product"}],"wp:featuredmedia":[{"embeddable":true,"href":"https:\/\/roksa-sx.com\/pl\/wp-json\/wp\/v2\/media\/12377946"}],"wp:attachment":[{"href":"https:\/\/roksa-sx.com\/pl\/wp-json\/wp\/v2\/media?parent=380525"}],"wp:term":[{"taxonomy":"product_brand","embeddable":true,"href":"https:\/\/roksa-sx.com\/pl\/wp-json\/wp\/v2\/product_brand?post=380525"},{"taxonomy":"product_cat","embeddable":true,"href":"https:\/\/roksa-sx.com\/pl\/wp-json\/wp\/v2\/product_cat?post=380525"},{"taxonomy":"product_tag","embeddable":true,"href":"https:\/\/roksa-sx.com\/pl\/wp-json\/wp\/v2\/product_tag?post=380525"}],"curies":[{"name":"wp","href":"https:\/\/api.w.org\/{rel}","templated":true}]}}