{"id":380574,"date":"2024-11-29T07:02:07","date_gmt":"2024-11-29T07:02:07","guid":{"rendered":"https:\/\/roksa-sx.com\/?post_type=product&#038;p=380574"},"modified":"2024-11-29T07:02:07","modified_gmt":"2024-11-29T07:02:07","slug":"basiablue","status":"publish","type":"product","link":"https:\/\/roksa-sx.com\/pl\/escort\/basiablue\/","title":{"rendered":"BasiaBlue"},"content":{"rendered":"<p>Poznaj fajnego faceta, kt\u00f3ry lubi dobrze si\u0119 bawi\u0107\u2026 Warto! XXX\u2026..<\/p>","protected":false},"excerpt":{"rendered":"<p>Poznam fajnego faceta, kt\u00f3ry lubi dobrze si\u0119 zabawi\u0107&#8230; Warto! XXX&#8230;..<\/p>","protected":false},"featured_media":12379660,"template":"","meta":[],"product_brand":[],"product_cat":[2655],"product_tag":[],"class_list":{"0":"post-380574","1":"product","2":"type-product","3":"status-publish","4":"has-post-thumbnail","6":"product_cat-lublin-escorts","7":"pa_enjoys-escorts-who-like-or-enjoy-anal","8":"pa_enjoys-escorts-who-like-or-enjoy-big-butt","9":"pa_enjoys-escorts-who-like-or-enjoy-bondage","10":"pa_enjoys-escorts-who-like-or-enjoy-butt-plug","11":"pa_enjoys-escorts-who-like-or-enjoy-cowgirl","12":"pa_enjoys-escorts-who-like-or-enjoy-cybersex","13":"pa_enjoys-escorts-who-like-or-enjoy-masturbation","14":"pa_enjoys-escorts-who-like-or-enjoy-no-condom","15":"pa_enjoys-escorts-who-like-or-enjoy-oral-sex","16":"pa_enjoys-escorts-who-like-or-enjoy-spanking","17":"pa_enjoys-escorts-who-like-or-enjoy-strap-on","19":"first","20":"instock","21":"shipping-taxable","22":"product-type-external"},"yoast_head":"<!-- This site is optimized with the Yoast SEO Premium plugin v22.3 (Yoast SEO v27.0) - https:\/\/yoast.com\/product\/yoast-seo-premium-wordpress\/ -->\n<title>BasiaBlue - Roksa<\/title>\n<meta name=\"description\" content=\"BasiaBlue is a escort girl that is available in Poland for you to contact. Contact BasiaBlue today. Roksa\" \/>\n<meta name=\"robots\" content=\"index, follow, max-snippet:-1, max-image-preview:large, max-video-preview:-1\" \/>\n<link rel=\"canonical\" href=\"https:\/\/roksa-sx.com\/pl\/eskorta\/basiablue\/\" \/>\n<meta property=\"og:locale\" content=\"pl_PL\" \/>\n<meta property=\"og:type\" content=\"article\" \/>\n<meta property=\"og:title\" content=\"BasiaBlue\" \/>\n<meta property=\"og:description\" content=\"BasiaBlue is a escort girl that is available in Poland for you to contact. Contact BasiaBlue today. Roksa\" \/>\n<meta property=\"og:url\" content=\"https:\/\/roksa-sx.com\/pl\/eskorta\/basiablue\/\" \/>\n<meta property=\"og:site_name\" content=\"Roksa\" \/>\n<meta property=\"og:image\" content=\"https:\/\/roksa-sx.com\/wp-content\/uploads\/2024\/04\/380574_50.jpg\" \/>\n\t<meta property=\"og:image:width\" content=\"270\" \/>\n\t<meta property=\"og:image:height\" content=\"400\" \/>\n\t<meta property=\"og:image:type\" content=\"image\/jpeg\" \/>\n<meta name=\"twitter:card\" content=\"summary_large_image\" \/>\n<script type=\"application\/ld+json\" class=\"yoast-schema-graph\">{\"@context\":\"https:\/\/schema.org\",\"@graph\":[{\"@type\":\"WebPage\",\"@id\":\"https:\/\/roksa-sx.com\/escort\/basiablue\/\",\"url\":\"https:\/\/roksa-sx.com\/escort\/basiablue\/\",\"name\":\"BasiaBlue - Roksa\",\"isPartOf\":{\"@id\":\"https:\/\/roksa-sx.com\/#website\"},\"primaryImageOfPage\":{\"@id\":\"https:\/\/roksa-sx.com\/escort\/basiablue\/#primaryimage\"},\"image\":{\"@id\":\"https:\/\/roksa-sx.com\/escort\/basiablue\/#primaryimage\"},\"thumbnailUrl\":\"https:\/\/roksa-sx.com\/wp-content\/uploads\/2024\/04\/380574_50.jpg\",\"datePublished\":\"2024-11-29T07:02:07+00:00\",\"description\":\"BasiaBlue is a escort girl that is available in Poland for you to contact. Contact BasiaBlue today. Roksa\",\"breadcrumb\":{\"@id\":\"https:\/\/roksa-sx.com\/escort\/basiablue\/#breadcrumb\"},\"inLanguage\":\"pl-PL\",\"potentialAction\":[{\"@type\":\"ReadAction\",\"target\":[\"https:\/\/roksa-sx.com\/escort\/basiablue\/\"]}]},{\"@type\":\"ImageObject\",\"inLanguage\":\"pl-PL\",\"@id\":\"https:\/\/roksa-sx.com\/escort\/basiablue\/#primaryimage\",\"url\":\"https:\/\/roksa-sx.com\/wp-content\/uploads\/2024\/04\/380574_50.jpg\",\"contentUrl\":\"https:\/\/roksa-sx.com\/wp-content\/uploads\/2024\/04\/380574_50.jpg\",\"width\":270,\"height\":400,\"caption\":\"BasiaBlue\"},{\"@type\":\"BreadcrumbList\",\"@id\":\"https:\/\/roksa-sx.com\/escort\/basiablue\/#breadcrumb\",\"itemListElement\":[{\"@type\":\"ListItem\",\"position\":1,\"name\":\"Home\",\"item\":\"https:\/\/roksa-sx.com\/\"},{\"@type\":\"ListItem\",\"position\":2,\"name\":\"Rokas SX Escorts\",\"item\":\"https:\/\/roksa-sx.com\/\"},{\"@type\":\"ListItem\",\"position\":3,\"name\":\"BasiaBlue\"}]},{\"@type\":\"WebSite\",\"@id\":\"https:\/\/roksa-sx.com\/#website\",\"url\":\"https:\/\/roksa-sx.com\/\",\"name\":\"Escort WP\",\"description\":\"\",\"publisher\":{\"@id\":\"https:\/\/roksa-sx.com\/#organization\"},\"alternateName\":\"Escorts\",\"potentialAction\":[{\"@type\":\"SearchAction\",\"target\":{\"@type\":\"EntryPoint\",\"urlTemplate\":\"https:\/\/roksa-sx.com\/?s={search_term_string}\"},\"query-input\":{\"@type\":\"PropertyValueSpecification\",\"valueRequired\":true,\"valueName\":\"search_term_string\"}}],\"inLanguage\":\"pl-PL\"},{\"@type\":\"Organization\",\"@id\":\"https:\/\/roksa-sx.com\/#organization\",\"name\":\"Escort WP\",\"url\":\"https:\/\/roksa-sx.com\/\",\"logo\":{\"@type\":\"ImageObject\",\"inLanguage\":\"pl-PL\",\"@id\":\"https:\/\/roksa-sx.com\/#\/schema\/logo\/image\/\",\"url\":\"https:\/\/roksa-sx.com\/wp-content\/uploads\/2024\/04\/Roksa-sx.com_.png\",\"contentUrl\":\"https:\/\/roksa-sx.com\/wp-content\/uploads\/2024\/04\/Roksa-sx.com_.png\",\"width\":240,\"height\":62,\"caption\":\"Escort WP\"},\"image\":{\"@id\":\"https:\/\/roksa-sx.com\/#\/schema\/logo\/image\/\"}}]}<\/script>\n<!-- \/ Yoast SEO Premium plugin. -->","yoast_head_json":{"title":"BasiaBlue - Roksa","description":"BasiaBlue to dziewczyna do towarzystwa, kt\u00f3ra jest dost\u0119pna w Polsce, aby\u015b m\u00f3g\u0142 si\u0119 z ni\u0105 skontaktowa\u0107. Skontaktuj si\u0119 z Basi\u0105Blue ju\u017c dzi\u015b. Roksa","robots":{"index":"index","follow":"follow","max-snippet":"max-snippet:-1","max-image-preview":"max-image-preview:large","max-video-preview":"max-video-preview:-1"},"canonical":"https:\/\/roksa-sx.com\/pl\/eskorta\/basiablue\/","og_locale":"pl_PL","og_type":"article","og_title":"BasiaBlue","og_description":"BasiaBlue is a escort girl that is available in Poland for you to contact. Contact BasiaBlue today. Roksa","og_url":"https:\/\/roksa-sx.com\/pl\/eskorta\/basiablue\/","og_site_name":"Roksa","og_image":[{"width":270,"height":400,"url":"https:\/\/roksa-sx.com\/wp-content\/uploads\/2024\/04\/380574_50.jpg","type":"image\/jpeg"}],"twitter_card":"summary_large_image","schema":{"@context":"https:\/\/schema.org","@graph":[{"@type":"WebPage","@id":"https:\/\/roksa-sx.com\/escort\/basiablue\/","url":"https:\/\/roksa-sx.com\/escort\/basiablue\/","name":"BasiaBlue - Roksa","isPartOf":{"@id":"https:\/\/roksa-sx.com\/#website"},"primaryImageOfPage":{"@id":"https:\/\/roksa-sx.com\/escort\/basiablue\/#primaryimage"},"image":{"@id":"https:\/\/roksa-sx.com\/escort\/basiablue\/#primaryimage"},"thumbnailUrl":"https:\/\/roksa-sx.com\/wp-content\/uploads\/2024\/04\/380574_50.jpg","datePublished":"2024-11-29T07:02:07+00:00","description":"BasiaBlue to dziewczyna do towarzystwa, kt\u00f3ra jest dost\u0119pna w Polsce, aby\u015b m\u00f3g\u0142 si\u0119 z ni\u0105 skontaktowa\u0107. Skontaktuj si\u0119 z Basi\u0105Blue ju\u017c dzi\u015b. Roksa","breadcrumb":{"@id":"https:\/\/roksa-sx.com\/escort\/basiablue\/#breadcrumb"},"inLanguage":"pl-PL","potentialAction":[{"@type":"ReadAction","target":["https:\/\/roksa-sx.com\/escort\/basiablue\/"]}]},{"@type":"ImageObject","inLanguage":"pl-PL","@id":"https:\/\/roksa-sx.com\/escort\/basiablue\/#primaryimage","url":"https:\/\/roksa-sx.com\/wp-content\/uploads\/2024\/04\/380574_50.jpg","contentUrl":"https:\/\/roksa-sx.com\/wp-content\/uploads\/2024\/04\/380574_50.jpg","width":270,"height":400,"caption":"BasiaBlue"},{"@type":"BreadcrumbList","@id":"https:\/\/roksa-sx.com\/escort\/basiablue\/#breadcrumb","itemListElement":[{"@type":"ListItem","position":1,"name":"Home","item":"https:\/\/roksa-sx.com\/"},{"@type":"ListItem","position":2,"name":"Rokas SX Escorts","item":"https:\/\/roksa-sx.com\/"},{"@type":"ListItem","position":3,"name":"BasiaBlue"}]},{"@type":"WebSite","@id":"https:\/\/roksa-sx.com\/#website","url":"https:\/\/roksa-sx.com\/","name":"Eskortuj WP","description":"","publisher":{"@id":"https:\/\/roksa-sx.com\/#organization"},"alternateName":"Escorts","potentialAction":[{"@type":"SearchAction","target":{"@type":"EntryPoint","urlTemplate":"https:\/\/roksa-sx.com\/?s={search_term_string}"},"query-input":{"@type":"PropertyValueSpecification","valueRequired":true,"valueName":"search_term_string"}}],"inLanguage":"pl-PL"},{"@type":"Organization","@id":"https:\/\/roksa-sx.com\/#organization","name":"Eskortuj WP","url":"https:\/\/roksa-sx.com\/","logo":{"@type":"ImageObject","inLanguage":"pl-PL","@id":"https:\/\/roksa-sx.com\/#\/schema\/logo\/image\/","url":"https:\/\/roksa-sx.com\/wp-content\/uploads\/2024\/04\/Roksa-sx.com_.png","contentUrl":"https:\/\/roksa-sx.com\/wp-content\/uploads\/2024\/04\/Roksa-sx.com_.png","width":240,"height":62,"caption":"Escort WP"},"image":{"@id":"https:\/\/roksa-sx.com\/#\/schema\/logo\/image\/"}}]}},"_links":{"self":[{"href":"https:\/\/roksa-sx.com\/pl\/wp-json\/wp\/v2\/product\/380574","targetHints":{"allow":["GET"]}}],"collection":[{"href":"https:\/\/roksa-sx.com\/pl\/wp-json\/wp\/v2\/product"}],"about":[{"href":"https:\/\/roksa-sx.com\/pl\/wp-json\/wp\/v2\/types\/product"}],"wp:featuredmedia":[{"embeddable":true,"href":"https:\/\/roksa-sx.com\/pl\/wp-json\/wp\/v2\/media\/12379660"}],"wp:attachment":[{"href":"https:\/\/roksa-sx.com\/pl\/wp-json\/wp\/v2\/media?parent=380574"}],"wp:term":[{"taxonomy":"product_brand","embeddable":true,"href":"https:\/\/roksa-sx.com\/pl\/wp-json\/wp\/v2\/product_brand?post=380574"},{"taxonomy":"product_cat","embeddable":true,"href":"https:\/\/roksa-sx.com\/pl\/wp-json\/wp\/v2\/product_cat?post=380574"},{"taxonomy":"product_tag","embeddable":true,"href":"https:\/\/roksa-sx.com\/pl\/wp-json\/wp\/v2\/product_tag?post=380574"}],"curies":[{"name":"wp","href":"https:\/\/api.w.org\/{rel}","templated":true}]}}